{"id":21378,"date":"2023-11-14T14:24:23","date_gmt":"2023-11-14T14:24:23","guid":{"rendered":"https:\/\/dev.artkuechen.com\/?post_type=product&#038;p=21378"},"modified":"2023-11-14T14:24:23","modified_gmt":"2023-11-14T14:24:23","slug":"ausstellungskueche","status":"publish","type":"product","link":"https:\/\/dev.artkuechen.com\/index.php\/product\/ausstellungskueche\/","title":{"rendered":"AUSSTELLUNGSK\u00dcCHE"},"content":{"rendered":"<p>Entdecken Sie unsere moderne K\u00fcche in strahlendem Wei\u00df mit einem eleganten Hochglanz-Finish und unauff\u00e4lligen Griffen. Diese K\u00fcche ist jetzt um erstaunliche 40% reduziert! Im Preis inbegriffen sind ein stilvoller Umivaonik und eine hochwertige Armatur. Beachten Sie, dass keine Elektroger\u00e4te enthalten sind.<\/p>\n<p>Dieses unwiderstehliche Angebot ist nur f\u00fcr begrenzte Zeit g\u00fcltig \u2013 der Rabatt gilt ab morgen bis zum Black Friday. Verpassen Sie nicht die Gelegenheit, Ihre Traumk\u00fcche zu einem unschlagbaren Preis zu sichern! Besuchen Sie unseren Ausstellungssalon noch heute.&#8220;<\/p>\n","protected":false},"excerpt":{"rendered":"<p>Schauen Sie sich unsere Galerie mit Bildern der Ausstellungsk\u00fcche an, die Sie in unserem Salon Artkuechen mit 40% Rabatt finden k\u00f6nnen.<\/p>\n","protected":false},"featured_media":17214,"comment_status":"open","ping_status":"closed","template":"","meta":{"inline_featured_image":false},"product_cat":[87],"product_tag":[],"class_list":{"0":"post-21378","1":"product","2":"type-product","3":"status-publish","4":"has-post-thumbnail","6":"product_cat-ausstellungskueche","8":"first","9":"instock","10":"sale","11":"shipping-taxable","12":"purchasable","13":"product-type-simple"},"aioseo_notices":[],"_links":{"self":[{"href":"https:\/\/dev.artkuechen.com\/index.php\/wp-json\/wp\/v2\/product\/21378","targetHints":{"allow":["GET"]}}],"collection":[{"href":"https:\/\/dev.artkuechen.com\/index.php\/wp-json\/wp\/v2\/product"}],"about":[{"href":"https:\/\/dev.artkuechen.com\/index.php\/wp-json\/wp\/v2\/types\/product"}],"replies":[{"embeddable":true,"href":"https:\/\/dev.artkuechen.com\/index.php\/wp-json\/wp\/v2\/comments?post=21378"}],"wp:featuredmedia":[{"embeddable":true,"href":"https:\/\/dev.artkuechen.com\/index.php\/wp-json\/wp\/v2\/media\/17214"}],"wp:attachment":[{"href":"https:\/\/dev.artkuechen.com\/index.php\/wp-json\/wp\/v2\/media?parent=21378"}],"wp:term":[{"taxonomy":"product_cat","embeddable":true,"href":"https:\/\/dev.artkuechen.com\/index.php\/wp-json\/wp\/v2\/product_cat?post=21378"},{"taxonomy":"product_tag","embeddable":true,"href":"https:\/\/dev.artkuechen.com\/index.php\/wp-json\/wp\/v2\/product_tag?post=21378"}],"curies":[{"name":"wp","href":"https:\/\/api.w.org\/{rel}","templated":true}]}}