{"id":19350,"date":"2023-09-30T19:43:40","date_gmt":"2023-09-30T19:43:40","guid":{"rendered":"https:\/\/dev.artkuechen.com\/?page_id=19350"},"modified":"2024-11-13T16:52:07","modified_gmt":"2024-11-13T16:52:07","slug":"aktuelles","status":"publish","type":"page","link":"https:\/\/dev.artkuechen.com\/index.php\/aktuelles\/","title":{"rendered":"Aktuelles"},"content":{"rendered":"\t\t<div data-elementor-type=\"wp-page\" data-elementor-id=\"19350\" class=\"elementor elementor-19350\">\n\t\t\t\t\t\t<section class=\"elementor-section elementor-top-section elementor-element elementor-element-0a652f0 elementor-section-boxed elementor-section-height-default elementor-section-height-default\" data-id=\"0a652f0\" data-element_type=\"section\">\n\t\t\t\t\t\t<div class=\"elementor-container elementor-column-gap-default\">\n\t\t\t\t\t<div class=\"elementor-column elementor-col-100 elementor-top-column elementor-element elementor-element-2a24968\" data-id=\"2a24968\" data-element_type=\"column\">\n\t\t\t<div class=\"elementor-widget-wrap elementor-element-populated\">\n\t\t\t\t\t\t<div class=\"elementor-element elementor-element-a29a88c elementor-icon-left elementor-widget elementor-widget-kitchor-heading\" data-id=\"a29a88c\" data-element_type=\"widget\" data-widget_type=\"kitchor-heading.default\">\n\t\t\t\t<div class=\"elementor-widget-container\">\n\t\t\t\t\t<h4 class=\"elementor-heading-title elementor-size-default\"><span>Es gibt Neuigkeiten im ArtK\u00fcchen-Salon!<\/span><\/h4>\t\t\t\t<\/div>\n\t\t\t\t<\/div>\n\t\t\t\t\t<\/div>\n\t\t<\/div>\n\t\t\t\t\t<\/div>\n\t\t<\/section>\n\t\t\t\t<section class=\"elementor-section elementor-top-section elementor-element elementor-element-789691a elementor-section-boxed elementor-section-height-default elementor-section-height-default\" data-id=\"789691a\" data-element_type=\"section\">\n\t\t\t\t\t\t<div class=\"elementor-container elementor-column-gap-default\">\n\t\t\t\t\t<div class=\"elementor-column elementor-col-50 elementor-top-column elementor-element elementor-element-4e78859\" data-id=\"4e78859\" data-element_type=\"column\">\n\t\t\t<div class=\"elementor-widget-wrap elementor-element-populated\">\n\t\t\t\t\t\t<div class=\"elementor-element elementor-element-13d34cc elementor-widget elementor-widget-text-editor\" data-id=\"13d34cc\" data-element_type=\"widget\" data-widget_type=\"text-editor.default\">\n\t\t\t\t<div class=\"elementor-widget-container\">\n\t\t\t\t\t\t\t\t\t<p>Liebe Kunden, wir freuen uns sehr, Ihnen unsere neueste Initiative vorstellen zu k\u00f6nnen \u2013 die Kochschule im ArtK\u00fcchen-Salon!<\/p><blockquote><p>Sie werden die M\u00f6glichkeit haben, an ausgew\u00e4hlten Terminen Einblick in die Geheimnisse der Kochkunst zu erlangen.<\/p><\/blockquote><p>Egal, ob Sie Anf\u00e4nger oder erfahrener Hobbykoch sind, unsere Veranstaltungen bieten Ihnen die M\u00f6glichkeit, Ihre F\u00e4higkeiten zu erweitern und die Zubereitung k\u00f6stlicher Gerichte zu genie\u00dfen, \u00a0die neuesten K\u00fcchentrends kennenzulernen, Techniken zur Zubereitung verschiedener Gerichte zu erlernen und neue Rezepte zu entdecken.<\/p><blockquote><p>Wir werden Sie dazu regelm\u00e4\u00dfig \u00fcber unsere aktuellen Veranstaltungen und Neuigkeiten aus dem ArtK\u00fcchen-Salon informieren.<\/p><\/blockquote><p>Schauen Sie hier regelm\u00e4\u00dfig vorbei, damit Sie \u00fcber die neuesten Trends in der K\u00fcchendesignwelt, innovative Produkte und spezielle Angebote auf dem Laufenden bleiben. Wir bringen Ihnen die neuesten Nachrichten aus der Welt des Kochens.<\/p>\t\t\t\t\t\t\t\t<\/div>\n\t\t\t\t<\/div>\n\t\t\t\t\t<\/div>\n\t\t<\/div>\n\t\t\t\t<div class=\"elementor-column elementor-col-50 elementor-top-column elementor-element elementor-element-3b7c73b\" data-id=\"3b7c73b\" data-element_type=\"column\">\n\t\t\t<div class=\"elementor-widget-wrap elementor-element-populated\">\n\t\t\t\t\t\t<div class=\"elementor-element elementor-element-9c34ec5 elementor-widget__width-initial elementor-widget elementor-widget-image\" data-id=\"9c34ec5\" data-element_type=\"widget\" data-widget_type=\"image.default\">\n\t\t\t\t<div class=\"elementor-widget-container\">\n\t\t\t\t\t\t\t\t\t\t\t\t\t\t\t<img fetchpriority=\"high\" decoding=\"async\" width=\"980\" height=\"735\" src=\"https:\/\/dev.artkuechen.com\/wp-content\/uploads\/2023\/10\/IMG_20231008_164914_1-1024x768.jpg\" class=\"attachment-large size-large wp-image-20828\" alt=\"\" srcset=\"https:\/\/dev.artkuechen.com\/wp-content\/uploads\/2023\/10\/IMG_20231008_164914_1-1024x768.jpg 1024w, https:\/\/dev.artkuechen.com\/wp-content\/uploads\/2023\/10\/IMG_20231008_164914_1-300x225.jpg 300w, https:\/\/dev.artkuechen.com\/wp-content\/uploads\/2023\/10\/IMG_20231008_164914_1-768x576.jpg 768w, https:\/\/dev.artkuechen.com\/wp-content\/uploads\/2023\/10\/IMG_20231008_164914_1-1536x1152.jpg 1536w, https:\/\/dev.artkuechen.com\/wp-content\/uploads\/2023\/10\/IMG_20231008_164914_1-2048x1536.jpg 2048w, https:\/\/dev.artkuechen.com\/wp-content\/uploads\/2023\/10\/IMG_20231008_164914_1-800x600.jpg 800w\" sizes=\"(max-width: 980px) 100vw, 980px\" \/>\t\t\t\t\t\t\t\t\t\t\t\t\t\t\t<\/div>\n\t\t\t\t<\/div>\n\t\t\t\t\t<\/div>\n\t\t<\/div>\n\t\t\t\t\t<\/div>\n\t\t<\/section>\n\t\t\t\t<section class=\"elementor-section elementor-top-section elementor-element elementor-element-70ac7ab elementor-section-boxed elementor-section-height-default elementor-section-height-default\" data-id=\"70ac7ab\" data-element_type=\"section\">\n\t\t\t\t\t\t<div class=\"elementor-container elementor-column-gap-default\">\n\t\t\t\t\t<div class=\"elementor-column elementor-col-100 elementor-top-column elementor-element elementor-element-c217cbe\" data-id=\"c217cbe\" data-element_type=\"column\">\n\t\t\t<div class=\"elementor-widget-wrap elementor-element-populated\">\n\t\t\t\t\t\t<div class=\"elementor-element elementor-element-f758643 elementor-widget elementor-widget-kitchor-image-masonry\" data-id=\"f758643\" data-element_type=\"widget\" data-widget_type=\"kitchor-image-masonry.default\">\n\t\t\t\t<div class=\"elementor-widget-container\">\n\t\t\t\t\t        <div class=\"image-grid-wrapper\">\n            <div class=\"grid-wrapper\">\n                                    <div class=\"big\">\n                        <a data-elementor-open-lightbox=\"yes\" data-elementor-lightbox-slideshow=\"f758643\"                           href=\"https:\/\/dev.artkuechen.com\/wp-content\/uploads\/2023\/10\/IMG_20231008_164803_1-scaled.jpg\">\n                            <img decoding=\"async\" src=\"https:\/\/dev.artkuechen.com\/wp-content\/uploads\/2023\/10\/IMG_20231008_164803_1-1024x768.jpg\">\n                        <\/a>\n                    <\/div>\n                                    <div class=\"\">\n                        <a data-elementor-open-lightbox=\"yes\" data-elementor-lightbox-slideshow=\"f758643\"                           href=\"https:\/\/dev.artkuechen.com\/wp-content\/uploads\/2023\/10\/IMG-9420-scaled.jpg\">\n                            <img decoding=\"async\" src=\"https:\/\/dev.artkuechen.com\/wp-content\/uploads\/2023\/10\/IMG-9420-1024x768.jpg\">\n                        <\/a>\n                    <\/div>\n                                    <div class=\"\">\n                        <a data-elementor-open-lightbox=\"yes\" data-elementor-lightbox-slideshow=\"f758643\"                           href=\"https:\/\/dev.artkuechen.com\/wp-content\/uploads\/2023\/10\/IMG_20230921_192557_1-scaled.jpg\">\n                            <img decoding=\"async\" src=\"https:\/\/dev.artkuechen.com\/wp-content\/uploads\/2023\/10\/IMG_20230921_192557_1-1024x768.jpg\">\n                        <\/a>\n                    <\/div>\n                            <\/div>\n\n        <\/div>\n        \t\t\t\t<\/div>\n\t\t\t\t<\/div>\n\t\t\t\t<div class=\"elementor-element elementor-element-c6e6af7 elementor-widget elementor-widget-spacer\" data-id=\"c6e6af7\" data-element_type=\"widget\" data-widget_type=\"spacer.default\">\n\t\t\t\t<div class=\"elementor-widget-container\">\n\t\t\t\t\t\t\t<div class=\"elementor-spacer\">\n\t\t\t<div class=\"elementor-spacer-inner\"><\/div>\n\t\t<\/div>\n\t\t\t\t\t\t<\/div>\n\t\t\t\t<\/div>\n\t\t\t\t\t<\/div>\n\t\t<\/div>\n\t\t\t\t\t<\/div>\n\t\t<\/section>\n\t\t\t\t<section class=\"elementor-section elementor-top-section elementor-element elementor-element-756352c elementor-section-boxed elementor-section-height-default elementor-section-height-default\" data-id=\"756352c\" data-element_type=\"section\">\n\t\t\t\t\t\t<div class=\"elementor-container elementor-column-gap-default\">\n\t\t\t\t\t<div class=\"elementor-column elementor-col-100 elementor-top-column elementor-element elementor-element-d41d19c\" data-id=\"d41d19c\" data-element_type=\"column\">\n\t\t\t<div class=\"elementor-widget-wrap elementor-element-populated\">\n\t\t\t\t\t\t<div class=\"elementor-element elementor-element-b882313 elementor-widget elementor-widget-spacer\" data-id=\"b882313\" data-element_type=\"widget\" data-widget_type=\"spacer.default\">\n\t\t\t\t<div class=\"elementor-widget-container\">\n\t\t\t\t\t\t\t<div class=\"elementor-spacer\">\n\t\t\t<div class=\"elementor-spacer-inner\"><\/div>\n\t\t<\/div>\n\t\t\t\t\t\t<\/div>\n\t\t\t\t<\/div>\n\t\t\t\t\t<\/div>\n\t\t<\/div>\n\t\t\t\t\t<\/div>\n\t\t<\/section>\n\t\t\t\t<\/div>\n\t\t","protected":false},"excerpt":{"rendered":"<p>Es gibt Neuigkeiten im ArtK\u00fcchen-Salon! Liebe Kunden, wir freuen uns sehr, Ihnen unsere neueste Initiative vorstellen zu k\u00f6nnen \u2013 die Kochschule im ArtK\u00fcchen-Salon! Sie werden die M\u00f6glichkeit haben, an ausgew\u00e4hlten Terminen Einblick in die Geheimnisse der Kochkunst zu erlangen. Egal, ob Sie Anf\u00e4nger oder erfahrener Hobbykoch sind, unsere Veranstaltungen bieten Ihnen die M\u00f6glichkeit, Ihre F\u00e4higkeiten [&hellip;]<\/p>\n","protected":false},"author":1,"featured_media":0,"parent":0,"menu_order":0,"comment_status":"closed","ping_status":"closed","template":"","meta":{"inline_featured_image":false,"footnotes":""},"class_list":["post-19350","page","type-page","status-publish","hentry"],"aioseo_notices":[],"_links":{"self":[{"href":"https:\/\/dev.artkuechen.com\/index.php\/wp-json\/wp\/v2\/pages\/19350","targetHints":{"allow":["GET"]}}],"collection":[{"href":"https:\/\/dev.artkuechen.com\/index.php\/wp-json\/wp\/v2\/pages"}],"about":[{"href":"https:\/\/dev.artkuechen.com\/index.php\/wp-json\/wp\/v2\/types\/page"}],"author":[{"embeddable":true,"href":"https:\/\/dev.artkuechen.com\/index.php\/wp-json\/wp\/v2\/users\/1"}],"replies":[{"embeddable":true,"href":"https:\/\/dev.artkuechen.com\/index.php\/wp-json\/wp\/v2\/comments?post=19350"}],"version-history":[{"count":79,"href":"https:\/\/dev.artkuechen.com\/index.php\/wp-json\/wp\/v2\/pages\/19350\/revisions"}],"predecessor-version":[{"id":22067,"href":"https:\/\/dev.artkuechen.com\/index.php\/wp-json\/wp\/v2\/pages\/19350\/revisions\/22067"}],"wp:attachment":[{"href":"https:\/\/dev.artkuechen.com\/index.php\/wp-json\/wp\/v2\/media?parent=19350"}],"curies":[{"name":"wp","href":"https:\/\/api.w.org\/{rel}","templated":true}]}}