{"id":19162,"date":"2023-09-30T12:57:44","date_gmt":"2023-09-30T12:57:44","guid":{"rendered":"https:\/\/dev.artkuechen.com\/?page_id=19162"},"modified":"2024-11-13T17:01:59","modified_gmt":"2024-11-13T17:01:59","slug":"garantie-und-service","status":"publish","type":"page","link":"https:\/\/dev.artkuechen.com\/index.php\/garantie-und-service\/","title":{"rendered":"Garantie und Service"},"content":{"rendered":"\t\t<div data-elementor-type=\"wp-page\" data-elementor-id=\"19162\" class=\"elementor elementor-19162\">\n\t\t\t\t\t\t<section class=\"elementor-section elementor-top-section elementor-element elementor-element-d6c0778 elementor-section-boxed elementor-section-height-default elementor-section-height-default\" data-id=\"d6c0778\" data-element_type=\"section\">\n\t\t\t\t\t\t<div class=\"elementor-container elementor-column-gap-default\">\n\t\t\t\t\t<div class=\"elementor-column elementor-col-100 elementor-top-column elementor-element elementor-element-b80d4a1\" data-id=\"b80d4a1\" data-element_type=\"column\">\n\t\t\t<div class=\"elementor-widget-wrap elementor-element-populated\">\n\t\t\t\t\t\t<div class=\"elementor-element elementor-element-976cfa9 elementor-icon-left elementor-widget elementor-widget-kitchor-heading\" data-id=\"976cfa9\" data-element_type=\"widget\" data-widget_type=\"kitchor-heading.default\">\n\t\t\t\t<div class=\"elementor-widget-container\">\n\t\t\t\t\t<h4 class=\"elementor-heading-title elementor-size-default\"><span>Garantie und Service bei ArtK\u00fcchen<\/span><\/h4>\t\t\t\t<\/div>\n\t\t\t\t<\/div>\n\t\t\t\t\t<\/div>\n\t\t<\/div>\n\t\t\t\t\t<\/div>\n\t\t<\/section>\n\t\t\t\t<section class=\"elementor-section elementor-top-section elementor-element elementor-element-0474de2 elementor-section-boxed elementor-section-height-default elementor-section-height-default\" data-id=\"0474de2\" data-element_type=\"section\">\n\t\t\t\t\t\t<div class=\"elementor-container elementor-column-gap-default\">\n\t\t\t\t\t<div class=\"elementor-column elementor-col-50 elementor-top-column elementor-element elementor-element-1e617f1\" data-id=\"1e617f1\" data-element_type=\"column\">\n\t\t\t<div class=\"elementor-widget-wrap elementor-element-populated\">\n\t\t\t\t\t\t<div class=\"elementor-element elementor-element-c0fb020 elementor-widget-laptop__width-initial elementor-widget elementor-widget-text-editor\" data-id=\"c0fb020\" data-element_type=\"widget\" data-widget_type=\"text-editor.default\">\n\t\t\t\t<div class=\"elementor-widget-container\">\n\t\t\t\t\t\t\t\t\t<p>M\u00f6chten Sie bei Haushaltsger\u00e4ten beruhigt sein? Bei ArtK\u00fcchen bieten wir Ihnen nicht nur hochwertige Produkte, sondern auch eine umfassende Garantie, die Ihnen Sicherheit und Vertrauen gibt. Alle unsere Haushaltsger\u00e4te, sei es ein K\u00fchlschrank, ein Backofen oder eine Sp\u00fclmaschine, unterliegen einer gesetzlichen Garantie von zwei Jahren.<\/p><blockquote><p>Das bedeutet, dass wir f\u00fcr eventuelle M\u00e4ngel oder Defekte innerhalb dieser zwei Jahre verantwortlich sind und diese kostenlos reparieren oder das Ger\u00e4t austauschen werden. Dar\u00fcber hinaus bieten wir Ihnen bei unseren Einbauk\u00fcchen eine Herstellergarantie von bis zu f\u00fcnf Jahren, je nach Hersteller. Dies bedeutet, dass Sie \u00fcber einen l\u00e4ngeren Zeitraum hinweg abgesichert sind und sich auf die Qualit\u00e4t und Langlebigkeit unserer K\u00fcchen verlassen k\u00f6nnen.<\/p><\/blockquote><p>Unser Ziel ist es, Ihnen nicht nur funktionale und \u00e4sthetisch ansprechende K\u00fcchen anzubieten, sondern auch einen erstklassigen Kundenservice. Wenn Sie w\u00e4hrend der Garantiezeit ein Problem mit einem unserer Produkte haben, stehen Ihnen unsere freundlichen und kompetenten Kundendienstmitarbeiter zur Verf\u00fcgung, um Ihnen schnell und effizient zu helfen. Mit Artkuechen k\u00f6nnen Sie also beruhigt sein, denn wir stehen hinter der Qualit\u00e4t unserer Produkte und bieten Ihnen eine umfassende Garantie, um Ihre Zufriedenheit sicherzustellen. W\u00e4hlen Sie uns als Partner f\u00fcr Ihre K\u00fcchenausstattung und genie\u00dfen Sie jahrelange problemlose Nutzung.<\/p>\t\t\t\t\t\t\t\t<\/div>\n\t\t\t\t<\/div>\n\t\t\t\t\t<\/div>\n\t\t<\/div>\n\t\t\t\t<div class=\"elementor-column elementor-col-50 elementor-top-column elementor-element elementor-element-7064b1a\" data-id=\"7064b1a\" data-element_type=\"column\">\n\t\t\t<div class=\"elementor-widget-wrap elementor-element-populated\">\n\t\t\t\t\t\t<div class=\"elementor-element elementor-element-8960fd9 elementor-widget-laptop__width-initial elementor-widget elementor-widget-image\" data-id=\"8960fd9\" data-element_type=\"widget\" data-widget_type=\"image.default\">\n\t\t\t\t<div class=\"elementor-widget-container\">\n\t\t\t\t\t\t\t\t\t\t\t\t\t\t\t<img fetchpriority=\"high\" decoding=\"async\" width=\"768\" height=\"1152\" src=\"https:\/\/dev.artkuechen.com\/wp-content\/uploads\/2023\/09\/20230506120150_IMG_4304-768x1152.jpg\" class=\"attachment-medium_large size-medium_large wp-image-16956\" alt=\"\" srcset=\"https:\/\/dev.artkuechen.com\/wp-content\/uploads\/2023\/09\/20230506120150_IMG_4304-768x1152.jpg 768w, https:\/\/dev.artkuechen.com\/wp-content\/uploads\/2023\/09\/20230506120150_IMG_4304-200x300.jpg 200w, https:\/\/dev.artkuechen.com\/wp-content\/uploads\/2023\/09\/20230506120150_IMG_4304-683x1024.jpg 683w, https:\/\/dev.artkuechen.com\/wp-content\/uploads\/2023\/09\/20230506120150_IMG_4304-1024x1536.jpg 1024w, https:\/\/dev.artkuechen.com\/wp-content\/uploads\/2023\/09\/20230506120150_IMG_4304-800x1200.jpg 800w\" sizes=\"(max-width: 768px) 100vw, 768px\" \/>\t\t\t\t\t\t\t\t\t\t\t\t\t\t\t<\/div>\n\t\t\t\t<\/div>\n\t\t\t\t\t<\/div>\n\t\t<\/div>\n\t\t\t\t\t<\/div>\n\t\t<\/section>\n\t\t\t\t<section class=\"elementor-section elementor-top-section elementor-element elementor-element-0567200 elementor-section-boxed elementor-section-height-default elementor-section-height-default\" data-id=\"0567200\" data-element_type=\"section\">\n\t\t\t\t\t\t<div class=\"elementor-container elementor-column-gap-default\">\n\t\t\t\t\t<div class=\"elementor-column elementor-col-100 elementor-top-column elementor-element elementor-element-8cf2b81\" data-id=\"8cf2b81\" data-element_type=\"column\">\n\t\t\t<div class=\"elementor-widget-wrap elementor-element-populated\">\n\t\t\t\t\t\t<div class=\"elementor-element elementor-element-c605e4d elementor-widget elementor-widget-spacer\" data-id=\"c605e4d\" data-element_type=\"widget\" data-widget_type=\"spacer.default\">\n\t\t\t\t<div class=\"elementor-widget-container\">\n\t\t\t\t\t\t\t<div class=\"elementor-spacer\">\n\t\t\t<div class=\"elementor-spacer-inner\"><\/div>\n\t\t<\/div>\n\t\t\t\t\t\t<\/div>\n\t\t\t\t<\/div>\n\t\t\t\t\t<\/div>\n\t\t<\/div>\n\t\t\t\t\t<\/div>\n\t\t<\/section>\n\t\t\t\t<\/div>\n\t\t","protected":false},"excerpt":{"rendered":"<p>Garantie und Service bei ArtK\u00fcchen M\u00f6chten Sie bei Haushaltsger\u00e4ten beruhigt sein? Bei ArtK\u00fcchen bieten wir Ihnen nicht nur hochwertige Produkte, sondern auch eine umfassende Garantie, die Ihnen Sicherheit und Vertrauen gibt. Alle unsere Haushaltsger\u00e4te, sei es ein K\u00fchlschrank, ein Backofen oder eine Sp\u00fclmaschine, unterliegen einer gesetzlichen Garantie von zwei Jahren. Das bedeutet, dass wir f\u00fcr [&hellip;]<\/p>\n","protected":false},"author":1,"featured_media":0,"parent":0,"menu_order":0,"comment_status":"closed","ping_status":"closed","template":"","meta":{"inline_featured_image":false,"footnotes":""},"class_list":["post-19162","page","type-page","status-publish","hentry"],"aioseo_notices":[],"_links":{"self":[{"href":"https:\/\/dev.artkuechen.com\/index.php\/wp-json\/wp\/v2\/pages\/19162","targetHints":{"allow":["GET"]}}],"collection":[{"href":"https:\/\/dev.artkuechen.com\/index.php\/wp-json\/wp\/v2\/pages"}],"about":[{"href":"https:\/\/dev.artkuechen.com\/index.php\/wp-json\/wp\/v2\/types\/page"}],"author":[{"embeddable":true,"href":"https:\/\/dev.artkuechen.com\/index.php\/wp-json\/wp\/v2\/users\/1"}],"replies":[{"embeddable":true,"href":"https:\/\/dev.artkuechen.com\/index.php\/wp-json\/wp\/v2\/comments?post=19162"}],"version-history":[{"count":17,"href":"https:\/\/dev.artkuechen.com\/index.php\/wp-json\/wp\/v2\/pages\/19162\/revisions"}],"predecessor-version":[{"id":22083,"href":"https:\/\/dev.artkuechen.com\/index.php\/wp-json\/wp\/v2\/pages\/19162\/revisions\/22083"}],"wp:attachment":[{"href":"https:\/\/dev.artkuechen.com\/index.php\/wp-json\/wp\/v2\/media?parent=19162"}],"curies":[{"name":"wp","href":"https:\/\/api.w.org\/{rel}","templated":true}]}}