{"id":18767,"date":"2023-09-29T12:50:16","date_gmt":"2023-09-29T12:50:16","guid":{"rendered":"https:\/\/dev.artkuechen.com\/?page_id=18767"},"modified":"2024-11-13T17:09:08","modified_gmt":"2024-11-13T17:09:08","slug":"wohnebereich","status":"publish","type":"page","link":"https:\/\/dev.artkuechen.com\/index.php\/wohnebereich\/","title":{"rendered":"Wohnebereich"},"content":{"rendered":"\t\t<div data-elementor-type=\"wp-page\" data-elementor-id=\"18767\" class=\"elementor elementor-18767\">\n\t\t\t\t\t\t<section class=\"elementor-section elementor-top-section elementor-element elementor-element-1d492d3 elementor-section-boxed elementor-section-height-default elementor-section-height-default\" data-id=\"1d492d3\" data-element_type=\"section\">\n\t\t\t\t\t\t<div class=\"elementor-container elementor-column-gap-default\">\n\t\t\t\t\t<div class=\"elementor-column elementor-col-100 elementor-top-column elementor-element elementor-element-b93e1ab\" data-id=\"b93e1ab\" data-element_type=\"column\">\n\t\t\t<div class=\"elementor-widget-wrap elementor-element-populated\">\n\t\t\t\t\t\t<div class=\"elementor-element elementor-element-e4e40bd elementor-icon-left elementor-widget elementor-widget-kitchor-heading\" data-id=\"e4e40bd\" data-element_type=\"widget\" data-widget_type=\"kitchor-heading.default\">\n\t\t\t\t<div class=\"elementor-widget-container\">\n\t\t\t\t\t<h3 class=\"elementor-heading-title elementor-size-default\"><span>Willkommen bei ArtK\u00fcchen!<\/span><\/h3>\t\t\t\t<\/div>\n\t\t\t\t<\/div>\n\t\t\t\t\t<\/div>\n\t\t<\/div>\n\t\t\t\t\t<\/div>\n\t\t<\/section>\n\t\t\t\t<section class=\"elementor-section elementor-top-section elementor-element elementor-element-04b751b elementor-section-boxed elementor-section-height-default elementor-section-height-default\" data-id=\"04b751b\" data-element_type=\"section\">\n\t\t\t\t\t\t<div class=\"elementor-container elementor-column-gap-default\">\n\t\t\t\t\t<div class=\"elementor-column elementor-col-100 elementor-top-column elementor-element elementor-element-f5a3e06\" data-id=\"f5a3e06\" data-element_type=\"column\">\n\t\t\t<div class=\"elementor-widget-wrap elementor-element-populated\">\n\t\t\t\t\t\t<div class=\"elementor-element elementor-element-5fd592e elementor-widget elementor-widget-text-editor\" data-id=\"5fd592e\" data-element_type=\"widget\" data-widget_type=\"text-editor.default\">\n\t\t\t\t<div class=\"elementor-widget-container\">\n\t\t\t\t\t\t\t\t\t<p>Entdecken Sie unsere umfangreiche Auswahl an Wohnzimmerm\u00f6beln, die perfekt zum <strong>Design Ihrer ArtK\u00fcchen &#8211; K\u00fcche passen.<\/strong> Wir bieten hochwertige und \u00e4sthetisch ansprechende M\u00f6belst\u00fccke an, die eine nahtlose Integration zwischen K\u00fcche und Wohnzimmer erm\u00f6glichen. Besuchen Sie uns, um mehr \u00fcber unsere exklusive Auswahl zu erfahren und Ihren Wohnbereich stilvoll zu gestalten.<\/p>\t\t\t\t\t\t\t\t<\/div>\n\t\t\t\t<\/div>\n\t\t\t\t\t<\/div>\n\t\t<\/div>\n\t\t\t\t\t<\/div>\n\t\t<\/section>\n\t\t\t\t<section class=\"elementor-section elementor-top-section elementor-element elementor-element-f87f9ac elementor-section-boxed elementor-section-height-default elementor-section-height-default\" data-id=\"f87f9ac\" data-element_type=\"section\">\n\t\t\t\t\t\t<div class=\"elementor-container elementor-column-gap-default\">\n\t\t\t\t\t<div class=\"elementor-column elementor-col-100 elementor-top-column elementor-element elementor-element-f95ae7d\" data-id=\"f95ae7d\" data-element_type=\"column\">\n\t\t\t<div class=\"elementor-widget-wrap elementor-element-populated\">\n\t\t\t\t\t\t<div class=\"elementor-element elementor-element-a5d94dd animated-slow elementor-invisible elementor-widget elementor-widget-kitchor-image-masonry\" data-id=\"a5d94dd\" data-element_type=\"widget\" data-settings=\"{&quot;_animation&quot;:&quot;fadeIn&quot;}\" data-widget_type=\"kitchor-image-masonry.default\">\n\t\t\t\t<div class=\"elementor-widget-container\">\n\t\t\t\t\t        <div class=\"image-grid-wrapper\">\n            <div class=\"grid-wrapper\">\n                                    <div class=\"big\">\n                        <a data-elementor-open-lightbox=\"yes\" data-elementor-lightbox-slideshow=\"a5d94dd\"                           href=\"https:\/\/dev.artkuechen.com\/wp-content\/uploads\/2023\/09\/WOHNEN-1.png\">\n                            <img decoding=\"async\" src=\"https:\/\/dev.artkuechen.com\/wp-content\/uploads\/2023\/09\/WOHNEN-1-1024x966.png\">\n                        <\/a>\n                    <\/div>\n                                    <div class=\"\">\n                        <a data-elementor-open-lightbox=\"yes\" data-elementor-lightbox-slideshow=\"a5d94dd\"                           href=\"https:\/\/dev.artkuechen.com\/wp-content\/uploads\/2023\/09\/WOHNEN-12.png\">\n                            <img decoding=\"async\" src=\"https:\/\/dev.artkuechen.com\/wp-content\/uploads\/2023\/09\/WOHNEN-12.png\">\n                        <\/a>\n                    <\/div>\n                                    <div class=\"tall\">\n                        <a data-elementor-open-lightbox=\"yes\" data-elementor-lightbox-slideshow=\"a5d94dd\"                           href=\"https:\/\/dev.artkuechen.com\/wp-content\/uploads\/2023\/09\/WOHNEN-4.png\">\n                            <img decoding=\"async\" src=\"https:\/\/dev.artkuechen.com\/wp-content\/uploads\/2023\/09\/WOHNEN-4-726x1024.png\">\n                        <\/a>\n                    <\/div>\n                                    <div class=\"wide\">\n                        <a data-elementor-open-lightbox=\"yes\" data-elementor-lightbox-slideshow=\"a5d94dd\"                           href=\"https:\/\/dev.artkuechen.com\/wp-content\/uploads\/2023\/09\/WOHNEN-11.png\">\n                            <img decoding=\"async\" src=\"https:\/\/dev.artkuechen.com\/wp-content\/uploads\/2023\/09\/WOHNEN-11.png\">\n                        <\/a>\n                    <\/div>\n                                    <div class=\"\">\n                        <a data-elementor-open-lightbox=\"yes\" data-elementor-lightbox-slideshow=\"a5d94dd\"                           href=\"https:\/\/dev.artkuechen.com\/wp-content\/uploads\/2023\/09\/WOHNEN-2-1.png\">\n                            <img decoding=\"async\" src=\"https:\/\/dev.artkuechen.com\/wp-content\/uploads\/2023\/09\/WOHNEN-2-1-1024x966.png\">\n                        <\/a>\n                    <\/div>\n                                    <div class=\"big\">\n                        <a data-elementor-open-lightbox=\"yes\" data-elementor-lightbox-slideshow=\"a5d94dd\"                           href=\"https:\/\/dev.artkuechen.com\/wp-content\/uploads\/2023\/09\/WOHNEN-6.png\">\n                            <img decoding=\"async\" src=\"https:\/\/dev.artkuechen.com\/wp-content\/uploads\/2023\/09\/WOHNEN-6-1024x965.png\">\n                        <\/a>\n                    <\/div>\n                                    <div class=\"\">\n                        <a data-elementor-open-lightbox=\"yes\" data-elementor-lightbox-slideshow=\"a5d94dd\"                           href=\"https:\/\/dev.artkuechen.com\/wp-content\/uploads\/2023\/09\/WOHNEN-10.png\">\n                            <img decoding=\"async\" src=\"https:\/\/dev.artkuechen.com\/wp-content\/uploads\/2023\/09\/WOHNEN-10.png\">\n                        <\/a>\n                    <\/div>\n                            <\/div>\n\n        <\/div>\n        \t\t\t\t<\/div>\n\t\t\t\t<\/div>\n\t\t\t\t\t<\/div>\n\t\t<\/div>\n\t\t\t\t\t<\/div>\n\t\t<\/section>\n\t\t\t\t<section class=\"elementor-section elementor-top-section elementor-element elementor-element-9582df9 elementor-section-boxed elementor-section-height-default elementor-section-height-default\" data-id=\"9582df9\" data-element_type=\"section\">\n\t\t\t\t\t\t<div class=\"elementor-container elementor-column-gap-default\">\n\t\t\t\t\t<div class=\"elementor-column elementor-col-100 elementor-top-column elementor-element elementor-element-2f7994e\" data-id=\"2f7994e\" data-element_type=\"column\">\n\t\t\t<div class=\"elementor-widget-wrap elementor-element-populated\">\n\t\t\t\t\t\t<div class=\"elementor-element elementor-element-085c460 elementor-align-right elementor-widget elementor-widget-button\" data-id=\"085c460\" data-element_type=\"widget\" data-widget_type=\"button.default\">\n\t\t\t\t<div class=\"elementor-widget-container\">\n\t\t\t\t\t\t\t\t\t<div class=\"elementor-button-wrapper\">\n\t\t\t\t\t<a class=\"elementor-button elementor-button-link elementor-size-sm\" href=\"https:\/\/dev.artkuechen.com\/index.php\/garderobe\/\">\n\t\t\t\t\t\t<span class=\"elementor-button-content-wrapper\">\n\t\t\t\t\t\t<span class=\"elementor-button-icon\">\n\t\t\t\t<i aria-hidden=\"true\" class=\"fas fa-angle-right\"><\/i>\t\t\t<\/span>\n\t\t\t\t\t\t\t\t\t<span class=\"elementor-button-text\">GARDEROBE<\/span>\n\t\t\t\t\t<\/span>\n\t\t\t\t\t<\/a>\n\t\t\t\t<\/div>\n\t\t\t\t\t\t\t\t<\/div>\n\t\t\t\t<\/div>\n\t\t\t\t\t<\/div>\n\t\t<\/div>\n\t\t\t\t\t<\/div>\n\t\t<\/section>\n\t\t\t\t<section class=\"elementor-section elementor-top-section elementor-element elementor-element-7f682cb elementor-section-boxed elementor-section-height-default elementor-section-height-default\" data-id=\"7f682cb\" data-element_type=\"section\">\n\t\t\t\t\t\t<div class=\"elementor-container elementor-column-gap-default\">\n\t\t\t\t\t<div class=\"elementor-column elementor-col-100 elementor-top-column elementor-element elementor-element-2568414\" data-id=\"2568414\" data-element_type=\"column\">\n\t\t\t<div class=\"elementor-widget-wrap elementor-element-populated\">\n\t\t\t\t\t\t<div class=\"elementor-element elementor-element-c0f07c4 elementor-widget elementor-widget-spacer\" data-id=\"c0f07c4\" data-element_type=\"widget\" data-widget_type=\"spacer.default\">\n\t\t\t\t<div class=\"elementor-widget-container\">\n\t\t\t\t\t\t\t<div class=\"elementor-spacer\">\n\t\t\t<div class=\"elementor-spacer-inner\"><\/div>\n\t\t<\/div>\n\t\t\t\t\t\t<\/div>\n\t\t\t\t<\/div>\n\t\t\t\t\t<\/div>\n\t\t<\/div>\n\t\t\t\t\t<\/div>\n\t\t<\/section>\n\t\t\t\t<\/div>\n\t\t","protected":false},"excerpt":{"rendered":"<p>Willkommen bei ArtK\u00fcchen! Entdecken Sie unsere umfangreiche Auswahl an Wohnzimmerm\u00f6beln, die perfekt zum Design Ihrer ArtK\u00fcchen &#8211; K\u00fcche passen. Wir bieten hochwertige und \u00e4sthetisch ansprechende M\u00f6belst\u00fccke an, die eine nahtlose Integration zwischen K\u00fcche und Wohnzimmer erm\u00f6glichen. Besuchen Sie uns, um mehr \u00fcber unsere exklusive Auswahl zu erfahren und Ihren Wohnbereich stilvoll zu gestalten. GARDEROBE<\/p>\n","protected":false},"author":1,"featured_media":0,"parent":0,"menu_order":0,"comment_status":"closed","ping_status":"closed","template":"","meta":{"inline_featured_image":false,"footnotes":""},"class_list":["post-18767","page","type-page","status-publish","hentry"],"aioseo_notices":[],"_links":{"self":[{"href":"https:\/\/dev.artkuechen.com\/index.php\/wp-json\/wp\/v2\/pages\/18767","targetHints":{"allow":["GET"]}}],"collection":[{"href":"https:\/\/dev.artkuechen.com\/index.php\/wp-json\/wp\/v2\/pages"}],"about":[{"href":"https:\/\/dev.artkuechen.com\/index.php\/wp-json\/wp\/v2\/types\/page"}],"author":[{"embeddable":true,"href":"https:\/\/dev.artkuechen.com\/index.php\/wp-json\/wp\/v2\/users\/1"}],"replies":[{"embeddable":true,"href":"https:\/\/dev.artkuechen.com\/index.php\/wp-json\/wp\/v2\/comments?post=18767"}],"version-history":[{"count":54,"href":"https:\/\/dev.artkuechen.com\/index.php\/wp-json\/wp\/v2\/pages\/18767\/revisions"}],"predecessor-version":[{"id":22106,"href":"https:\/\/dev.artkuechen.com\/index.php\/wp-json\/wp\/v2\/pages\/18767\/revisions\/22106"}],"wp:attachment":[{"href":"https:\/\/dev.artkuechen.com\/index.php\/wp-json\/wp\/v2\/media?parent=18767"}],"curies":[{"name":"wp","href":"https:\/\/api.w.org\/{rel}","templated":true}]}}