{"id":18764,"date":"2023-09-29T12:44:57","date_gmt":"2023-09-29T12:44:57","guid":{"rendered":"https:\/\/dev.artkuechen.com\/?page_id=18764"},"modified":"2024-11-13T17:09:18","modified_gmt":"2024-11-13T17:09:18","slug":"wohnen","status":"publish","type":"page","link":"https:\/\/dev.artkuechen.com\/index.php\/wohnen\/","title":{"rendered":"Wohnen"},"content":{"rendered":"\t\t<div data-elementor-type=\"wp-page\" data-elementor-id=\"18764\" class=\"elementor elementor-18764\">\n\t\t\t\t\t\t<section class=\"elementor-section elementor-top-section elementor-element elementor-element-085b6ca elementor-section-boxed elementor-section-height-default elementor-section-height-default\" data-id=\"085b6ca\" data-element_type=\"section\">\n\t\t\t\t\t\t<div class=\"elementor-container elementor-column-gap-default\">\n\t\t\t\t\t<div class=\"elementor-column elementor-col-100 elementor-top-column elementor-element elementor-element-9752895\" data-id=\"9752895\" data-element_type=\"column\">\n\t\t\t<div class=\"elementor-widget-wrap elementor-element-populated\">\n\t\t\t\t\t\t<div class=\"elementor-element elementor-element-c9d592c elementor-icon-left elementor-widget elementor-widget-kitchor-heading\" data-id=\"c9d592c\" data-element_type=\"widget\" data-widget_type=\"kitchor-heading.default\">\n\t\t\t\t<div class=\"elementor-widget-container\">\n\t\t\t\t\t<h4 class=\"elementor-heading-title elementor-size-default\"><span>WOHNEN<\/span><\/h4>\t\t\t\t<\/div>\n\t\t\t\t<\/div>\n\t\t\t\t\t<\/div>\n\t\t<\/div>\n\t\t\t\t\t<\/div>\n\t\t<\/section>\n\t\t\t\t<section class=\"elementor-section elementor-top-section elementor-element elementor-element-e1910d0 elementor-section-boxed elementor-section-height-default elementor-section-height-default\" data-id=\"e1910d0\" data-element_type=\"section\">\n\t\t\t\t\t\t<div class=\"elementor-container elementor-column-gap-default\">\n\t\t\t\t\t<div class=\"elementor-column elementor-col-100 elementor-top-column elementor-element elementor-element-468e462\" data-id=\"468e462\" data-element_type=\"column\">\n\t\t\t<div class=\"elementor-widget-wrap elementor-element-populated\">\n\t\t\t\t\t\t<div class=\"elementor-element elementor-element-8a258bc elementor-widget elementor-widget-text-editor\" data-id=\"8a258bc\" data-element_type=\"widget\" data-widget_type=\"text-editor.default\">\n\t\t\t\t<div class=\"elementor-widget-container\">\n\t\t\t\t\t\t\t\t\t<p>ArtK\u00fcchen bietet ma\u00dfgeschneiderten M\u00f6bel f\u00fcr Wohnzimmer an. Wir bieten individuelle L\u00f6sungen, die den Bed\u00fcrfnissen unserer Kunden gerecht werden. Unser Angebot umfasst eine detaillierte Beratung, ein ma\u00dfgeschneidertes Konzept, hochwertige Materialien und eine sorgf\u00e4ltige Fertigung mit Liebe zum Detail. Unser Angebot umfasst TV-Schr\u00e4nke, Regale, Sideboards und vieles mehr. Bei ArtK\u00fcchen legen wir Wert auf \u00c4sthetik und Funktionalit\u00e4t. Kontaktieren Sie uns f\u00fcr weitere Informationen und eine Beratung.<\/p>\t\t\t\t\t\t\t\t<\/div>\n\t\t\t\t<\/div>\n\t\t\t\t\t<\/div>\n\t\t<\/div>\n\t\t\t\t\t<\/div>\n\t\t<\/section>\n\t\t\t\t<section class=\"elementor-section elementor-top-section elementor-element elementor-element-7c80c9d elementor-section-boxed elementor-section-height-default elementor-section-height-default\" data-id=\"7c80c9d\" data-element_type=\"section\">\n\t\t\t\t\t\t<div class=\"elementor-container elementor-column-gap-default\">\n\t\t\t\t\t<div class=\"elementor-column elementor-col-50 elementor-top-column elementor-element elementor-element-0ddbabc\" data-id=\"0ddbabc\" data-element_type=\"column\">\n\t\t\t<div class=\"elementor-widget-wrap elementor-element-populated\">\n\t\t\t\t\t\t<div class=\"elementor-element elementor-element-3109ebc elementor-cta--valign-bottom elementor-position-below button-banner-style-kitchor-default elementor-bg-transform elementor-bg-transform-zoom-in elementor-widget elementor-widget-kitchor-banner\" data-id=\"3109ebc\" data-element_type=\"widget\" data-settings=\"{&quot;overlay_color_background&quot;:&quot;classic&quot;,&quot;overlay_color_hover_background&quot;:&quot;classic&quot;}\" data-widget_type=\"kitchor-banner.default\">\n\t\t\t\t<div class=\"elementor-widget-container\">\n\t\t\t\t\t        <div  class=\"elementor-cta--skin-cover elementor-cta elementor-kitchor-banner\">\n                    <div class=\"elementor-cta__bg-wrapper\">\n                <div class=\"elementor-cta__bg elementor-bg\" style=\"background-image: url(https:\/\/dev.artkuechen.com\/wp-content\/uploads\/2023\/09\/WOHNEN-2-1024x966.png);\"><\/div>\n                <div class=\"elementor-cta__bg-overlay\"><\/div>\n            <\/div>\n                <div class=\"elementor-cta__content\">\n        <div class=\"elementor-cta__content_inner\">\n                \n                <h3 class=\"elementor-cta__title elementor-cta__content-item elementor-content-item\">\n        Wohnbereich        <\/h3>\n    \n        \n                <div class=\"elementor-cta__button-wrapper elementor-cta__content-item elementor-content-item \">\n            <a class=\"elementor-cta__button elementor-button\" href=\"https:\/\/dev.artkuechen.com\/index.php\/wohnebereich\/\"            >\n            <span class=\"elementor-button-content-wrapper\">\n                                <span class=\"elementor-button-text\">KLICKE HIER<\/span>\n            <\/span>\n\n            <\/a>\n\n            <\/div>\n                <\/div>\n        <\/div>\n        <\/div>\n        \t\t\t\t<\/div>\n\t\t\t\t<\/div>\n\t\t\t\t\t<\/div>\n\t\t<\/div>\n\t\t\t\t<div class=\"elementor-column elementor-col-50 elementor-top-column elementor-element elementor-element-84b0009\" data-id=\"84b0009\" data-element_type=\"column\">\n\t\t\t<div class=\"elementor-widget-wrap elementor-element-populated\">\n\t\t\t\t\t\t<div class=\"elementor-element elementor-element-5d0bb7b elementor-cta--valign-bottom elementor-position-below button-banner-style-kitchor-default elementor-bg-transform elementor-bg-transform-zoom-in elementor-widget elementor-widget-kitchor-banner\" data-id=\"5d0bb7b\" data-element_type=\"widget\" data-settings=\"{&quot;overlay_color_hover_background&quot;:&quot;classic&quot;}\" data-widget_type=\"kitchor-banner.default\">\n\t\t\t\t<div class=\"elementor-widget-container\">\n\t\t\t\t\t        <div  class=\"elementor-cta--skin-cover elementor-cta elementor-kitchor-banner\">\n                    <div class=\"elementor-cta__bg-wrapper\">\n                <div class=\"elementor-cta__bg elementor-bg\" style=\"background-image: url(https:\/\/dev.artkuechen.com\/wp-content\/uploads\/2023\/09\/GARDEROBE-1024x771.png);\"><\/div>\n                <div class=\"elementor-cta__bg-overlay\"><\/div>\n            <\/div>\n                <div class=\"elementor-cta__content\">\n        <div class=\"elementor-cta__content_inner\">\n                \n                <h3 class=\"elementor-cta__title elementor-cta__content-item elementor-content-item\">\n        Garderobe        <\/h3>\n    \n        \n                <div class=\"elementor-cta__button-wrapper elementor-cta__content-item elementor-content-item \">\n            <a class=\"elementor-cta__button elementor-button\" href=\"https:\/\/dev.artkuechen.com\/index.php\/garderobe\/\"            >\n            <span class=\"elementor-button-content-wrapper\">\n                                <span class=\"elementor-button-text\">KLICKE HIER<\/span>\n            <\/span>\n\n            <\/a>\n\n            <\/div>\n                <\/div>\n        <\/div>\n        <\/div>\n        \t\t\t\t<\/div>\n\t\t\t\t<\/div>\n\t\t\t\t\t<\/div>\n\t\t<\/div>\n\t\t\t\t\t<\/div>\n\t\t<\/section>\n\t\t\t\t<section class=\"elementor-section elementor-top-section elementor-element elementor-element-8fa75d3 elementor-section-boxed elementor-section-height-default elementor-section-height-default\" data-id=\"8fa75d3\" data-element_type=\"section\">\n\t\t\t\t\t\t<div class=\"elementor-container elementor-column-gap-default\">\n\t\t\t\t\t<div class=\"elementor-column elementor-col-100 elementor-top-column elementor-element elementor-element-468c6e7\" data-id=\"468c6e7\" data-element_type=\"column\">\n\t\t\t<div class=\"elementor-widget-wrap elementor-element-populated\">\n\t\t\t\t\t\t<div class=\"elementor-element elementor-element-ed23e0c elementor-widget elementor-widget-spacer\" data-id=\"ed23e0c\" data-element_type=\"widget\" data-widget_type=\"spacer.default\">\n\t\t\t\t<div class=\"elementor-widget-container\">\n\t\t\t\t\t\t\t<div class=\"elementor-spacer\">\n\t\t\t<div class=\"elementor-spacer-inner\"><\/div>\n\t\t<\/div>\n\t\t\t\t\t\t<\/div>\n\t\t\t\t<\/div>\n\t\t\t\t\t<\/div>\n\t\t<\/div>\n\t\t\t\t\t<\/div>\n\t\t<\/section>\n\t\t\t\t<\/div>\n\t\t","protected":false},"excerpt":{"rendered":"<p>WOHNEN ArtK\u00fcchen bietet ma\u00dfgeschneiderten M\u00f6bel f\u00fcr Wohnzimmer an. Wir bieten individuelle L\u00f6sungen, die den Bed\u00fcrfnissen unserer Kunden gerecht werden. Unser Angebot umfasst eine detaillierte Beratung, ein ma\u00dfgeschneidertes Konzept, hochwertige Materialien und eine sorgf\u00e4ltige Fertigung mit Liebe zum Detail. Unser Angebot umfasst TV-Schr\u00e4nke, Regale, Sideboards und vieles mehr. Bei ArtK\u00fcchen legen wir Wert auf \u00c4sthetik und [&hellip;]<\/p>\n","protected":false},"author":1,"featured_media":16233,"parent":0,"menu_order":0,"comment_status":"closed","ping_status":"closed","template":"","meta":{"inline_featured_image":false,"footnotes":""},"class_list":["post-18764","page","type-page","status-publish","has-post-thumbnail","hentry"],"aioseo_notices":[],"_links":{"self":[{"href":"https:\/\/dev.artkuechen.com\/index.php\/wp-json\/wp\/v2\/pages\/18764","targetHints":{"allow":["GET"]}}],"collection":[{"href":"https:\/\/dev.artkuechen.com\/index.php\/wp-json\/wp\/v2\/pages"}],"about":[{"href":"https:\/\/dev.artkuechen.com\/index.php\/wp-json\/wp\/v2\/types\/page"}],"author":[{"embeddable":true,"href":"https:\/\/dev.artkuechen.com\/index.php\/wp-json\/wp\/v2\/users\/1"}],"replies":[{"embeddable":true,"href":"https:\/\/dev.artkuechen.com\/index.php\/wp-json\/wp\/v2\/comments?post=18764"}],"version-history":[{"count":58,"href":"https:\/\/dev.artkuechen.com\/index.php\/wp-json\/wp\/v2\/pages\/18764\/revisions"}],"predecessor-version":[{"id":22107,"href":"https:\/\/dev.artkuechen.com\/index.php\/wp-json\/wp\/v2\/pages\/18764\/revisions\/22107"}],"wp:featuredmedia":[{"embeddable":true,"href":"https:\/\/dev.artkuechen.com\/index.php\/wp-json\/wp\/v2\/media\/16233"}],"wp:attachment":[{"href":"https:\/\/dev.artkuechen.com\/index.php\/wp-json\/wp\/v2\/media?parent=18764"}],"curies":[{"name":"wp","href":"https:\/\/api.w.org\/{rel}","templated":true}]}}