{"id":17558,"date":"2023-09-23T18:20:08","date_gmt":"2023-09-23T18:20:08","guid":{"rendered":"https:\/\/dev.artkuechen.com\/?page_id=17558"},"modified":"2024-11-13T17:06:34","modified_gmt":"2024-11-13T17:06:34","slug":"landhauskuchen","status":"publish","type":"page","link":"https:\/\/dev.artkuechen.com\/index.php\/landhauskuchen\/","title":{"rendered":"Landhausk\u00fcchen"},"content":{"rendered":"\t\t<div data-elementor-type=\"wp-page\" data-elementor-id=\"17558\" class=\"elementor elementor-17558\">\n\t\t\t\t\t\t<section class=\"elementor-section elementor-top-section elementor-element elementor-element-afc40ba elementor-section-boxed elementor-section-height-default elementor-section-height-default\" data-id=\"afc40ba\" data-element_type=\"section\">\n\t\t\t\t\t\t<div class=\"elementor-container elementor-column-gap-default\">\n\t\t\t\t\t<div class=\"elementor-column elementor-col-100 elementor-top-column elementor-element elementor-element-3465e67\" data-id=\"3465e67\" data-element_type=\"column\">\n\t\t\t<div class=\"elementor-widget-wrap elementor-element-populated\">\n\t\t\t\t\t\t<div class=\"elementor-element elementor-element-61a19b0 elementor-icon-left elementor-widget elementor-widget-kitchor-heading\" data-id=\"61a19b0\" data-element_type=\"widget\" data-widget_type=\"kitchor-heading.default\">\n\t\t\t\t<div class=\"elementor-widget-container\">\n\t\t\t\t\t<h4 class=\"elementor-heading-title elementor-size-default\"><span>LANDHAUSK\u00dcCHEN<\/span><\/h4>\t\t\t\t<\/div>\n\t\t\t\t<\/div>\n\t\t\t\t\t<\/div>\n\t\t<\/div>\n\t\t\t\t\t<\/div>\n\t\t<\/section>\n\t\t\t\t<section class=\"elementor-section elementor-top-section elementor-element elementor-element-90d245c elementor-section-boxed elementor-section-height-default elementor-section-height-default\" data-id=\"90d245c\" data-element_type=\"section\">\n\t\t\t\t\t\t<div class=\"elementor-container elementor-column-gap-default\">\n\t\t\t\t\t<div class=\"elementor-column elementor-col-100 elementor-top-column elementor-element elementor-element-f99f801\" data-id=\"f99f801\" data-element_type=\"column\">\n\t\t\t<div class=\"elementor-widget-wrap elementor-element-populated\">\n\t\t\t\t\t\t<div class=\"elementor-element elementor-element-1b48cc5 elementor-widget elementor-widget-text-editor\" data-id=\"1b48cc5\" data-element_type=\"widget\" data-widget_type=\"text-editor.default\">\n\t\t\t\t<div class=\"elementor-widget-container\">\n\t\t\t\t\t\t\t\t\t<p>Tauchen Sie ein in die Welt der Landhausk\u00fcchen und entdecken Sie bei uns den Charme und die Gem\u00fctlichkeit traditioneller K\u00fcchendesigns. Unsere Landhausk\u00fcchen zeichnen sich durch nat\u00fcrliche Materialien, warme Farbt\u00f6ne und handwerkliche Details aus.\u00a0<\/p>\t\t\t\t\t\t\t\t<\/div>\n\t\t\t\t<\/div>\n\t\t\t\t\t<\/div>\n\t\t<\/div>\n\t\t\t\t\t<\/div>\n\t\t<\/section>\n\t\t\t\t<section class=\"elementor-section elementor-top-section elementor-element elementor-element-f762e31 elementor-section-boxed elementor-section-height-default elementor-section-height-default\" data-id=\"f762e31\" data-element_type=\"section\">\n\t\t\t\t\t\t<div class=\"elementor-container elementor-column-gap-default\">\n\t\t\t\t\t<div class=\"elementor-column elementor-col-100 elementor-top-column elementor-element elementor-element-7f07073\" data-id=\"7f07073\" data-element_type=\"column\">\n\t\t\t<div class=\"elementor-widget-wrap elementor-element-populated\">\n\t\t\t\t\t\t<div class=\"elementor-element elementor-element-e25b1fa animated-slow elementor-invisible elementor-widget elementor-widget-kitchor-image-masonry\" data-id=\"e25b1fa\" data-element_type=\"widget\" data-settings=\"{&quot;_animation&quot;:&quot;fadeIn&quot;}\" data-widget_type=\"kitchor-image-masonry.default\">\n\t\t\t\t<div class=\"elementor-widget-container\">\n\t\t\t\t\t        <div class=\"image-grid-wrapper\">\n            <div class=\"grid-wrapper\">\n                                    <div class=\"big\">\n                        <a data-elementor-open-lightbox=\"yes\" data-elementor-lightbox-slideshow=\"e25b1fa\"                           href=\"https:\/\/dev.artkuechen.com\/wp-content\/uploads\/2022\/06\/gallery_version_3.jpg\">\n                            <img decoding=\"async\" src=\"https:\/\/dev.artkuechen.com\/wp-content\/uploads\/2022\/06\/gallery_version_3.jpg\">\n                        <\/a>\n                    <\/div>\n                                    <div class=\"tall\">\n                        <a data-elementor-open-lightbox=\"yes\" data-elementor-lightbox-slideshow=\"e25b1fa\"                           href=\"https:\/\/dev.artkuechen.com\/wp-content\/uploads\/2023\/09\/Koje09_Bristol_Selection_Eukalyptus_M-2-scaled.jpg\">\n                            <img decoding=\"async\" src=\"https:\/\/dev.artkuechen.com\/wp-content\/uploads\/2023\/09\/Koje09_Bristol_Selection_Eukalyptus_M-2-1024x683.jpg\">\n                        <\/a>\n                    <\/div>\n                                    <div class=\"tall\">\n                        <a data-elementor-open-lightbox=\"yes\" data-elementor-lightbox-slideshow=\"e25b1fa\"                           href=\"https:\/\/dev.artkuechen.com\/wp-content\/uploads\/2023\/09\/22.png\">\n                            <img decoding=\"async\" src=\"https:\/\/dev.artkuechen.com\/wp-content\/uploads\/2023\/09\/22-1024x767.png\">\n                        <\/a>\n                    <\/div>\n                                    <div class=\"\">\n                        <a data-elementor-open-lightbox=\"yes\" data-elementor-lightbox-slideshow=\"e25b1fa\"                           href=\"https:\/\/dev.artkuechen.com\/wp-content\/uploads\/2023\/04\/h10-slider-06.jpg\">\n                            <img decoding=\"async\" src=\"https:\/\/dev.artkuechen.com\/wp-content\/uploads\/2023\/04\/h10-slider-06.jpg\">\n                        <\/a>\n                    <\/div>\n                                    <div class=\"big\">\n                        <a data-elementor-open-lightbox=\"yes\" data-elementor-lightbox-slideshow=\"e25b1fa\"                           href=\"https:\/\/dev.artkuechen.com\/wp-content\/uploads\/2023\/09\/Koje32_AV5035_RAL1013_Perlweis_M-scaled.jpg\">\n                            <img decoding=\"async\" src=\"https:\/\/dev.artkuechen.com\/wp-content\/uploads\/2023\/09\/Koje32_AV5035_RAL1013_Perlweis_M-1024x687.jpg\">\n                        <\/a>\n                    <\/div>\n                                    <div class=\"\">\n                        <a data-elementor-open-lightbox=\"yes\" data-elementor-lightbox-slideshow=\"e25b1fa\"                           href=\"https:\/\/dev.artkuechen.com\/wp-content\/uploads\/2022\/06\/gallery_version_07.jpg\">\n                            <img decoding=\"async\" src=\"https:\/\/dev.artkuechen.com\/wp-content\/uploads\/2022\/06\/gallery_version_07.jpg\">\n                        <\/a>\n                    <\/div>\n                                    <div class=\"\">\n                        <a data-elementor-open-lightbox=\"yes\" data-elementor-lightbox-slideshow=\"e25b1fa\"                           href=\"https:\/\/dev.artkuechen.com\/wp-content\/uploads\/2023\/09\/31.png\">\n                            <img decoding=\"async\" src=\"https:\/\/dev.artkuechen.com\/wp-content\/uploads\/2023\/09\/31-1024x859.png\">\n                        <\/a>\n                    <\/div>\n                            <\/div>\n\n        <\/div>\n        \t\t\t\t<\/div>\n\t\t\t\t<\/div>\n\t\t\t\t\t<\/div>\n\t\t<\/div>\n\t\t\t\t\t<\/div>\n\t\t<\/section>\n\t\t\t\t<section class=\"elementor-section elementor-top-section elementor-element elementor-element-ef9da0a elementor-section-boxed elementor-section-height-default elementor-section-height-default\" data-id=\"ef9da0a\" data-element_type=\"section\">\n\t\t\t\t\t\t<div class=\"elementor-container elementor-column-gap-default\">\n\t\t\t\t\t<div class=\"elementor-column elementor-col-100 elementor-top-column elementor-element elementor-element-3cd185e\" data-id=\"3cd185e\" data-element_type=\"column\">\n\t\t\t<div class=\"elementor-widget-wrap elementor-element-populated\">\n\t\t\t\t\t\t<div class=\"elementor-element elementor-element-e1f099b elementor-widget elementor-widget-spacer\" data-id=\"e1f099b\" data-element_type=\"widget\" data-widget_type=\"spacer.default\">\n\t\t\t\t<div class=\"elementor-widget-container\">\n\t\t\t\t\t\t\t<div class=\"elementor-spacer\">\n\t\t\t<div class=\"elementor-spacer-inner\"><\/div>\n\t\t<\/div>\n\t\t\t\t\t\t<\/div>\n\t\t\t\t<\/div>\n\t\t\t\t\t<\/div>\n\t\t<\/div>\n\t\t\t\t\t<\/div>\n\t\t<\/section>\n\t\t\t\t<section class=\"elementor-section elementor-top-section elementor-element elementor-element-3915205 elementor-section-boxed elementor-section-height-default elementor-section-height-default\" data-id=\"3915205\" data-element_type=\"section\">\n\t\t\t\t\t\t<div class=\"elementor-container elementor-column-gap-default\">\n\t\t\t\t\t<div class=\"elementor-column elementor-col-50 elementor-top-column elementor-element elementor-element-530ab7e\" data-id=\"530ab7e\" data-element_type=\"column\">\n\t\t\t<div class=\"elementor-widget-wrap elementor-element-populated\">\n\t\t\t\t\t\t<div class=\"elementor-element elementor-element-d132098 elementor-widget elementor-widget-button\" data-id=\"d132098\" data-element_type=\"widget\" data-widget_type=\"button.default\">\n\t\t\t\t<div class=\"elementor-widget-container\">\n\t\t\t\t\t\t\t\t\t<div class=\"elementor-button-wrapper\">\n\t\t\t\t\t<a class=\"elementor-button elementor-button-link elementor-size-sm\" href=\"https:\/\/dev.artkuechen.com\/index.php\/moderne-kuchen\/\">\n\t\t\t\t\t\t<span class=\"elementor-button-content-wrapper\">\n\t\t\t\t\t\t<span class=\"elementor-button-icon\">\n\t\t\t\t<i aria-hidden=\"true\" class=\"fas fa-angle-left\"><\/i>\t\t\t<\/span>\n\t\t\t\t\t\t\t\t\t<span class=\"elementor-button-text\">MODERNE K\u00dcCHEN<\/span>\n\t\t\t\t\t<\/span>\n\t\t\t\t\t<\/a>\n\t\t\t\t<\/div>\n\t\t\t\t\t\t\t\t<\/div>\n\t\t\t\t<\/div>\n\t\t\t\t\t<\/div>\n\t\t<\/div>\n\t\t\t\t<div class=\"elementor-column elementor-col-50 elementor-top-column elementor-element elementor-element-1e7a7ab\" data-id=\"1e7a7ab\" data-element_type=\"column\">\n\t\t\t<div class=\"elementor-widget-wrap elementor-element-populated\">\n\t\t\t\t\t\t<div class=\"elementor-element elementor-element-c898e48 elementor-align-right elementor-widget elementor-widget-button\" data-id=\"c898e48\" data-element_type=\"widget\" data-widget_type=\"button.default\">\n\t\t\t\t<div class=\"elementor-widget-container\">\n\t\t\t\t\t\t\t\t\t<div class=\"elementor-button-wrapper\">\n\t\t\t\t\t<a class=\"elementor-button elementor-button-link elementor-size-sm\" href=\"https:\/\/dev.artkuechen.com\/index.php\/grifflose-kuchen\/\">\n\t\t\t\t\t\t<span class=\"elementor-button-content-wrapper\">\n\t\t\t\t\t\t<span class=\"elementor-button-icon\">\n\t\t\t\t<i aria-hidden=\"true\" class=\"fas fa-angle-right\"><\/i>\t\t\t<\/span>\n\t\t\t\t\t\t\t\t\t<span class=\"elementor-button-text\">GRIFFLOSE K\u00dcCHEN<\/span>\n\t\t\t\t\t<\/span>\n\t\t\t\t\t<\/a>\n\t\t\t\t<\/div>\n\t\t\t\t\t\t\t\t<\/div>\n\t\t\t\t<\/div>\n\t\t\t\t\t<\/div>\n\t\t<\/div>\n\t\t\t\t\t<\/div>\n\t\t<\/section>\n\t\t\t\t<section class=\"elementor-section elementor-top-section elementor-element elementor-element-6f8496f elementor-section-boxed elementor-section-height-default elementor-section-height-default\" data-id=\"6f8496f\" data-element_type=\"section\">\n\t\t\t\t\t\t<div class=\"elementor-container elementor-column-gap-default\">\n\t\t\t\t\t<div class=\"elementor-column elementor-col-100 elementor-top-column elementor-element elementor-element-f3423ab\" data-id=\"f3423ab\" data-element_type=\"column\">\n\t\t\t<div class=\"elementor-widget-wrap elementor-element-populated\">\n\t\t\t\t\t\t<div class=\"elementor-element elementor-element-33813fe elementor-widget elementor-widget-spacer\" data-id=\"33813fe\" data-element_type=\"widget\" data-widget_type=\"spacer.default\">\n\t\t\t\t<div class=\"elementor-widget-container\">\n\t\t\t\t\t\t\t<div class=\"elementor-spacer\">\n\t\t\t<div class=\"elementor-spacer-inner\"><\/div>\n\t\t<\/div>\n\t\t\t\t\t\t<\/div>\n\t\t\t\t<\/div>\n\t\t\t\t\t<\/div>\n\t\t<\/div>\n\t\t\t\t\t<\/div>\n\t\t<\/section>\n\t\t\t\t<\/div>\n\t\t","protected":false},"excerpt":{"rendered":"<p>LANDHAUSK\u00dcCHEN Tauchen Sie ein in die Welt der Landhausk\u00fcchen und entdecken Sie bei uns den Charme und die Gem\u00fctlichkeit traditioneller K\u00fcchendesigns. Unsere Landhausk\u00fcchen zeichnen sich durch nat\u00fcrliche Materialien, warme Farbt\u00f6ne und handwerkliche Details aus.\u00a0 MODERNE K\u00dcCHEN GRIFFLOSE K\u00dcCHEN<\/p>\n","protected":false},"author":1,"featured_media":0,"parent":0,"menu_order":0,"comment_status":"closed","ping_status":"closed","template":"","meta":{"inline_featured_image":false,"footnotes":""},"class_list":["post-17558","page","type-page","status-publish","hentry"],"aioseo_notices":[],"_links":{"self":[{"href":"https:\/\/dev.artkuechen.com\/index.php\/wp-json\/wp\/v2\/pages\/17558","targetHints":{"allow":["GET"]}}],"collection":[{"href":"https:\/\/dev.artkuechen.com\/index.php\/wp-json\/wp\/v2\/pages"}],"about":[{"href":"https:\/\/dev.artkuechen.com\/index.php\/wp-json\/wp\/v2\/types\/page"}],"author":[{"embeddable":true,"href":"https:\/\/dev.artkuechen.com\/index.php\/wp-json\/wp\/v2\/users\/1"}],"replies":[{"embeddable":true,"href":"https:\/\/dev.artkuechen.com\/index.php\/wp-json\/wp\/v2\/comments?post=17558"}],"version-history":[{"count":67,"href":"https:\/\/dev.artkuechen.com\/index.php\/wp-json\/wp\/v2\/pages\/17558\/revisions"}],"predecessor-version":[{"id":22097,"href":"https:\/\/dev.artkuechen.com\/index.php\/wp-json\/wp\/v2\/pages\/17558\/revisions\/22097"}],"wp:attachment":[{"href":"https:\/\/dev.artkuechen.com\/index.php\/wp-json\/wp\/v2\/media?parent=17558"}],"curies":[{"name":"wp","href":"https:\/\/api.w.org\/{rel}","templated":true}]}}