{"id":17418,"date":"2023-09-23T12:16:05","date_gmt":"2023-09-23T12:16:05","guid":{"rendered":"https:\/\/dev.artkuechen.com\/?page_id=17418"},"modified":"2024-11-13T17:03:48","modified_gmt":"2024-11-13T17:03:48","slug":"kuchen-mit-kochinsel","status":"publish","type":"page","link":"https:\/\/dev.artkuechen.com\/index.php\/kuchen-mit-kochinsel\/","title":{"rendered":"K\u00fcchen mit Kochinsel"},"content":{"rendered":"\t\t<div data-elementor-type=\"wp-page\" data-elementor-id=\"17418\" class=\"elementor elementor-17418\">\n\t\t\t\t\t\t<section class=\"elementor-section elementor-top-section elementor-element elementor-element-b2fdfc7 elementor-section-boxed elementor-section-height-default elementor-section-height-default\" data-id=\"b2fdfc7\" data-element_type=\"section\">\n\t\t\t\t\t\t<div class=\"elementor-container elementor-column-gap-default\">\n\t\t\t\t\t<div class=\"elementor-column elementor-col-100 elementor-top-column elementor-element elementor-element-7c507e9\" data-id=\"7c507e9\" data-element_type=\"column\">\n\t\t\t<div class=\"elementor-widget-wrap elementor-element-populated\">\n\t\t\t\t\t\t<div class=\"elementor-element elementor-element-23264f1 elementor-icon-left elementor-widget elementor-widget-kitchor-heading\" data-id=\"23264f1\" data-element_type=\"widget\" data-widget_type=\"kitchor-heading.default\">\n\t\t\t\t<div class=\"elementor-widget-container\">\n\t\t\t\t\t<h4 class=\"elementor-heading-title elementor-size-default\"><span>K\u00dcCHE MIT KOCHINSEL<\/span><\/h4>\t\t\t\t<\/div>\n\t\t\t\t<\/div>\n\t\t\t\t\t<\/div>\n\t\t<\/div>\n\t\t\t\t\t<\/div>\n\t\t<\/section>\n\t\t\t\t<section class=\"elementor-section elementor-top-section elementor-element elementor-element-a091535 elementor-section-boxed elementor-section-height-default elementor-section-height-default\" data-id=\"a091535\" data-element_type=\"section\">\n\t\t\t\t\t\t<div class=\"elementor-container elementor-column-gap-default\">\n\t\t\t\t\t<div class=\"elementor-column elementor-col-100 elementor-top-column elementor-element elementor-element-1537792\" data-id=\"1537792\" data-element_type=\"column\">\n\t\t\t<div class=\"elementor-widget-wrap elementor-element-populated\">\n\t\t\t\t\t\t<div class=\"elementor-element elementor-element-cc7a052 elementor-widget elementor-widget-text-editor\" data-id=\"cc7a052\" data-element_type=\"widget\" data-widget_type=\"text-editor.default\">\n\t\t\t\t<div class=\"elementor-widget-container\">\n\t\t\t\t\t\t\t\t\t<p>K\u00fcchen mit einer Insel: Stil und Funktionalit\u00e4t vereint Eine K\u00fcche mit einer Insel ist nicht nur ein Ort zum Kochen, sondern auch ein <strong>Treffpunkt f\u00fcr Familie und Freunde.<\/strong> Bei Artkuechenu bieten wir vielf\u00e4ltige L\u00f6sungen an, die Ihren Bed\u00fcrfnissen und Ihrem Stil entsprechen. Unsere K\u00fcchen mit einer Insel vereinen <strong>\u00c4sthetik und Praktikabilit\u00e4t<\/strong> f\u00fcr ein einzigartiges Kocherlebnis.\u00a0<\/p>\t\t\t\t\t\t\t\t<\/div>\n\t\t\t\t<\/div>\n\t\t\t\t\t<\/div>\n\t\t<\/div>\n\t\t\t\t\t<\/div>\n\t\t<\/section>\n\t\t\t\t<section class=\"elementor-section elementor-top-section elementor-element elementor-element-cac54d9 elementor-section-boxed elementor-section-height-default elementor-section-height-default\" data-id=\"cac54d9\" data-element_type=\"section\">\n\t\t\t\t\t\t<div class=\"elementor-container elementor-column-gap-default\">\n\t\t\t\t\t<div class=\"elementor-column elementor-col-100 elementor-top-column elementor-element elementor-element-a65c73e\" data-id=\"a65c73e\" data-element_type=\"column\">\n\t\t\t<div class=\"elementor-widget-wrap elementor-element-populated\">\n\t\t\t\t\t\t<div class=\"elementor-element elementor-element-d96f867 elementor-widget elementor-widget-kitchor-image-masonry\" data-id=\"d96f867\" data-element_type=\"widget\" data-widget_type=\"kitchor-image-masonry.default\">\n\t\t\t\t<div class=\"elementor-widget-container\">\n\t\t\t\t\t        <div class=\"image-grid-wrapper\">\n            <div class=\"grid-wrapper\">\n                                    <div class=\"\">\n                        <a data-elementor-open-lightbox=\"yes\" data-elementor-lightbox-slideshow=\"d96f867\"                           href=\"https:\/\/dev.artkuechen.com\/wp-content\/uploads\/2023\/09\/19-2.png\">\n                            <img decoding=\"async\" src=\"https:\/\/dev.artkuechen.com\/wp-content\/uploads\/2023\/09\/19-2-768x543.png\">\n                        <\/a>\n                    <\/div>\n                                    <div class=\"\">\n                        <a data-elementor-open-lightbox=\"yes\" data-elementor-lightbox-slideshow=\"d96f867\"                           href=\"https:\/\/dev.artkuechen.com\/wp-content\/uploads\/2023\/09\/Koje36_AV_2135_Graphit_M-2-scaled.jpg\">\n                            <img decoding=\"async\" src=\"https:\/\/dev.artkuechen.com\/wp-content\/uploads\/2023\/09\/Koje36_AV_2135_Graphit_M-2-768x512.jpg\">\n                        <\/a>\n                    <\/div>\n                                    <div class=\"big\">\n                        <a data-elementor-open-lightbox=\"yes\" data-elementor-lightbox-slideshow=\"d96f867\"                           href=\"https:\/\/dev.artkuechen.com\/wp-content\/uploads\/2023\/09\/Koje43_AV4030GL_schwarz_4030GL_Weiss_M-scaled.jpg\">\n                            <img decoding=\"async\" src=\"https:\/\/dev.artkuechen.com\/wp-content\/uploads\/2023\/09\/Koje43_AV4030GL_schwarz_4030GL_Weiss_M-768x538.jpg\">\n                        <\/a>\n                    <\/div>\n                                    <div class=\"\">\n                        <a data-elementor-open-lightbox=\"yes\" data-elementor-lightbox-slideshow=\"d96f867\"                           href=\"https:\/\/dev.artkuechen.com\/wp-content\/uploads\/2023\/09\/ELEGANTE-KUECHEN-1.png\">\n                            <img decoding=\"async\" src=\"https:\/\/dev.artkuechen.com\/wp-content\/uploads\/2023\/09\/ELEGANTE-KUECHEN-1-768x544.png\">\n                        <\/a>\n                    <\/div>\n                                    <div class=\"\">\n                        <a data-elementor-open-lightbox=\"yes\" data-elementor-lightbox-slideshow=\"d96f867\"                           href=\"https:\/\/dev.artkuechen.com\/wp-content\/uploads\/2023\/09\/Koje09_Bristol_Selection_Eukalyptus_M-2-scaled.jpg\">\n                            <img decoding=\"async\" src=\"https:\/\/dev.artkuechen.com\/wp-content\/uploads\/2023\/09\/Koje09_Bristol_Selection_Eukalyptus_M-2-768x512.jpg\">\n                        <\/a>\n                    <\/div>\n                                    <div class=\"\">\n                        <a data-elementor-open-lightbox=\"yes\" data-elementor-lightbox-slideshow=\"d96f867\"                           href=\"https:\/\/dev.artkuechen.com\/wp-content\/uploads\/2023\/09\/7.png\">\n                            <img decoding=\"async\" src=\"https:\/\/dev.artkuechen.com\/wp-content\/uploads\/2023\/09\/7-768x544.png\">\n                        <\/a>\n                    <\/div>\n                                    <div class=\"\">\n                        <a data-elementor-open-lightbox=\"yes\" data-elementor-lightbox-slideshow=\"d96f867\"                           href=\"https:\/\/dev.artkuechen.com\/wp-content\/uploads\/2023\/09\/2-1.png\">\n                            <img decoding=\"async\" src=\"https:\/\/dev.artkuechen.com\/wp-content\/uploads\/2023\/09\/2-1-768x544.png\">\n                        <\/a>\n                    <\/div>\n                                    <div class=\"\">\n                        <a data-elementor-open-lightbox=\"yes\" data-elementor-lightbox-slideshow=\"d96f867\"                           href=\"https:\/\/dev.artkuechen.com\/wp-content\/uploads\/2023\/09\/5.png\">\n                            <img decoding=\"async\" src=\"https:\/\/dev.artkuechen.com\/wp-content\/uploads\/2023\/09\/5-768x576.png\">\n                        <\/a>\n                    <\/div>\n                                    <div class=\"big\">\n                        <a data-elementor-open-lightbox=\"yes\" data-elementor-lightbox-slideshow=\"d96f867\"                           href=\"https:\/\/dev.artkuechen.com\/wp-content\/uploads\/2023\/09\/Koje32_AV5035_RAL1013_Perlweis_M-scaled.jpg\">\n                            <img decoding=\"async\" src=\"https:\/\/dev.artkuechen.com\/wp-content\/uploads\/2023\/09\/Koje32_AV5035_RAL1013_Perlweis_M-768x515.jpg\">\n                        <\/a>\n                    <\/div>\n                                    <div class=\"\">\n                        <a data-elementor-open-lightbox=\"yes\" data-elementor-lightbox-slideshow=\"d96f867\"                           href=\"https:\/\/dev.artkuechen.com\/wp-content\/uploads\/2023\/09\/4-1.png\">\n                            <img decoding=\"async\" src=\"https:\/\/dev.artkuechen.com\/wp-content\/uploads\/2023\/09\/4-1-768x544.png\">\n                        <\/a>\n                    <\/div>\n                                    <div class=\"tall\">\n                        <a data-elementor-open-lightbox=\"yes\" data-elementor-lightbox-slideshow=\"d96f867\"                           href=\"https:\/\/dev.artkuechen.com\/wp-content\/uploads\/2023\/09\/23.png\">\n                            <img decoding=\"async\" src=\"https:\/\/dev.artkuechen.com\/wp-content\/uploads\/2023\/09\/23-768x1134.png\">\n                        <\/a>\n                    <\/div>\n                            <\/div>\n\n        <\/div>\n        \t\t\t\t<\/div>\n\t\t\t\t<\/div>\n\t\t\t\t\t<\/div>\n\t\t<\/div>\n\t\t\t\t\t<\/div>\n\t\t<\/section>\n\t\t\t\t<section class=\"elementor-section elementor-top-section elementor-element elementor-element-65ae586 elementor-section-boxed elementor-section-height-default elementor-section-height-default\" data-id=\"65ae586\" data-element_type=\"section\">\n\t\t\t\t\t\t<div class=\"elementor-container elementor-column-gap-default\">\n\t\t\t\t\t<div class=\"elementor-column elementor-col-50 elementor-top-column elementor-element elementor-element-e0fc698\" data-id=\"e0fc698\" data-element_type=\"column\">\n\t\t\t<div class=\"elementor-widget-wrap elementor-element-populated\">\n\t\t\t\t\t\t<div class=\"elementor-element elementor-element-166c50f elementor-widget elementor-widget-button\" data-id=\"166c50f\" data-element_type=\"widget\" data-widget_type=\"button.default\">\n\t\t\t\t<div class=\"elementor-widget-container\">\n\t\t\t\t\t\t\t\t\t<div class=\"elementor-button-wrapper\">\n\t\t\t\t\t<a class=\"elementor-button elementor-button-link elementor-size-sm\" href=\"https:\/\/dev.artkuechen.com\/index.php\/u-kuchen\/\">\n\t\t\t\t\t\t<span class=\"elementor-button-content-wrapper\">\n\t\t\t\t\t\t<span class=\"elementor-button-icon\">\n\t\t\t\t<i aria-hidden=\"true\" class=\"fas fa-angle-left\"><\/i>\t\t\t<\/span>\n\t\t\t\t\t\t\t\t\t<span class=\"elementor-button-text\">U-K\u00dcCHEN<\/span>\n\t\t\t\t\t<\/span>\n\t\t\t\t\t<\/a>\n\t\t\t\t<\/div>\n\t\t\t\t\t\t\t\t<\/div>\n\t\t\t\t<\/div>\n\t\t\t\t\t<\/div>\n\t\t<\/div>\n\t\t\t\t<div class=\"elementor-column elementor-col-50 elementor-top-column elementor-element elementor-element-ad776b6\" data-id=\"ad776b6\" data-element_type=\"column\">\n\t\t\t<div class=\"elementor-widget-wrap elementor-element-populated\">\n\t\t\t\t\t\t<div class=\"elementor-element elementor-element-dcb4931 elementor-align-right elementor-widget elementor-widget-button\" data-id=\"dcb4931\" data-element_type=\"widget\" data-widget_type=\"button.default\">\n\t\t\t\t<div class=\"elementor-widget-container\">\n\t\t\t\t\t\t\t\t\t<div class=\"elementor-button-wrapper\">\n\t\t\t\t\t<a class=\"elementor-button elementor-button-link elementor-size-sm\" href=\"https:\/\/dev.artkuechen.com\/index.php\/kuechenzeile\/\">\n\t\t\t\t\t\t<span class=\"elementor-button-content-wrapper\">\n\t\t\t\t\t\t<span class=\"elementor-button-icon\">\n\t\t\t\t<i aria-hidden=\"true\" class=\"fas fa-angle-right\"><\/i>\t\t\t<\/span>\n\t\t\t\t\t\t\t\t\t<span class=\"elementor-button-text\">K\u00dcCHENZEILE<\/span>\n\t\t\t\t\t<\/span>\n\t\t\t\t\t<\/a>\n\t\t\t\t<\/div>\n\t\t\t\t\t\t\t\t<\/div>\n\t\t\t\t<\/div>\n\t\t\t\t\t<\/div>\n\t\t<\/div>\n\t\t\t\t\t<\/div>\n\t\t<\/section>\n\t\t\t\t<section class=\"elementor-section elementor-top-section elementor-element elementor-element-e500f59 elementor-section-boxed elementor-section-height-default elementor-section-height-default\" data-id=\"e500f59\" data-element_type=\"section\">\n\t\t\t\t\t\t<div class=\"elementor-container elementor-column-gap-default\">\n\t\t\t\t\t<div class=\"elementor-column elementor-col-100 elementor-top-column elementor-element elementor-element-31d0f21\" data-id=\"31d0f21\" data-element_type=\"column\">\n\t\t\t<div class=\"elementor-widget-wrap elementor-element-populated\">\n\t\t\t\t\t\t<div class=\"elementor-element elementor-element-660e5ac elementor-widget elementor-widget-spacer\" data-id=\"660e5ac\" data-element_type=\"widget\" data-widget_type=\"spacer.default\">\n\t\t\t\t<div class=\"elementor-widget-container\">\n\t\t\t\t\t\t\t<div class=\"elementor-spacer\">\n\t\t\t<div class=\"elementor-spacer-inner\"><\/div>\n\t\t<\/div>\n\t\t\t\t\t\t<\/div>\n\t\t\t\t<\/div>\n\t\t\t\t\t<\/div>\n\t\t<\/div>\n\t\t\t\t\t<\/div>\n\t\t<\/section>\n\t\t\t\t<\/div>\n\t\t","protected":false},"excerpt":{"rendered":"<p>K\u00dcCHE MIT KOCHINSEL K\u00fcchen mit einer Insel: Stil und Funktionalit\u00e4t vereint Eine K\u00fcche mit einer Insel ist nicht nur ein Ort zum Kochen, sondern auch ein Treffpunkt f\u00fcr Familie und Freunde. Bei Artkuechenu bieten wir vielf\u00e4ltige L\u00f6sungen an, die Ihren Bed\u00fcrfnissen und Ihrem Stil entsprechen. Unsere K\u00fcchen mit einer Insel vereinen \u00c4sthetik und Praktikabilit\u00e4t f\u00fcr [&hellip;]<\/p>\n","protected":false},"author":1,"featured_media":0,"parent":0,"menu_order":0,"comment_status":"closed","ping_status":"closed","template":"","meta":{"inline_featured_image":false,"footnotes":""},"class_list":["post-17418","page","type-page","status-publish","hentry"],"aioseo_notices":[],"_links":{"self":[{"href":"https:\/\/dev.artkuechen.com\/index.php\/wp-json\/wp\/v2\/pages\/17418","targetHints":{"allow":["GET"]}}],"collection":[{"href":"https:\/\/dev.artkuechen.com\/index.php\/wp-json\/wp\/v2\/pages"}],"about":[{"href":"https:\/\/dev.artkuechen.com\/index.php\/wp-json\/wp\/v2\/types\/page"}],"author":[{"embeddable":true,"href":"https:\/\/dev.artkuechen.com\/index.php\/wp-json\/wp\/v2\/users\/1"}],"replies":[{"embeddable":true,"href":"https:\/\/dev.artkuechen.com\/index.php\/wp-json\/wp\/v2\/comments?post=17418"}],"version-history":[{"count":63,"href":"https:\/\/dev.artkuechen.com\/index.php\/wp-json\/wp\/v2\/pages\/17418\/revisions"}],"predecessor-version":[{"id":22089,"href":"https:\/\/dev.artkuechen.com\/index.php\/wp-json\/wp\/v2\/pages\/17418\/revisions\/22089"}],"wp:attachment":[{"href":"https:\/\/dev.artkuechen.com\/index.php\/wp-json\/wp\/v2\/media?parent=17418"}],"curies":[{"name":"wp","href":"https:\/\/api.w.org\/{rel}","templated":true}]}}