{"id":16889,"date":"2023-09-22T11:28:18","date_gmt":"2023-09-22T11:28:18","guid":{"rendered":"https:\/\/dev.artkuechen.com\/?page_id=16889"},"modified":"2024-11-13T16:59:42","modified_gmt":"2024-11-13T16:59:42","slug":"galerie-landhaus-kuchen","status":"publish","type":"page","link":"https:\/\/dev.artkuechen.com\/index.php\/galerie-landhaus-kuchen\/","title":{"rendered":"Galerie: Landhaus K\u00fcchen"},"content":{"rendered":"\t\t<div data-elementor-type=\"wp-page\" data-elementor-id=\"16889\" class=\"elementor elementor-16889\">\n\t\t\t\t\t\t<section class=\"elementor-section elementor-top-section elementor-element elementor-element-bb90545 elementor-section-boxed elementor-section-height-default elementor-section-height-default\" data-id=\"bb90545\" data-element_type=\"section\">\n\t\t\t\t\t\t<div class=\"elementor-container elementor-column-gap-default\">\n\t\t\t\t\t<div class=\"elementor-column elementor-col-100 elementor-top-column elementor-element elementor-element-ff6e6da\" data-id=\"ff6e6da\" data-element_type=\"column\">\n\t\t\t<div class=\"elementor-widget-wrap elementor-element-populated\">\n\t\t\t\t\t\t<div class=\"elementor-element elementor-element-e94be49 elementor-icon-left elementor-widget elementor-widget-kitchor-heading\" data-id=\"e94be49\" data-element_type=\"widget\" data-widget_type=\"kitchor-heading.default\">\n\t\t\t\t<div class=\"elementor-widget-container\">\n\t\t\t\t\t<h3 class=\"elementor-heading-title elementor-size-default\"><span>Willkommen bei ArtK\u00fcchen!<\/span><\/h3>\t\t\t\t<\/div>\n\t\t\t\t<\/div>\n\t\t\t\t\t<\/div>\n\t\t<\/div>\n\t\t\t\t\t<\/div>\n\t\t<\/section>\n\t\t\t\t<section class=\"elementor-section elementor-top-section elementor-element elementor-element-8571cc8 elementor-section-boxed elementor-section-height-default elementor-section-height-default\" data-id=\"8571cc8\" data-element_type=\"section\">\n\t\t\t\t\t\t<div class=\"elementor-container elementor-column-gap-default\">\n\t\t\t\t\t<div class=\"elementor-column elementor-col-100 elementor-top-column elementor-element elementor-element-9fa41be\" data-id=\"9fa41be\" data-element_type=\"column\">\n\t\t\t<div class=\"elementor-widget-wrap elementor-element-populated\">\n\t\t\t\t\t\t<div class=\"elementor-element elementor-element-5e1d97a elementor-widget elementor-widget-text-editor\" data-id=\"5e1d97a\" data-element_type=\"widget\" data-widget_type=\"text-editor.default\">\n\t\t\t\t<div class=\"elementor-widget-container\">\n\t\t\t\t\t\t\t\t\t<p>Schauen Sie sich unsere Galerie mit Landhausk\u00fcchen in unserem ArtK\u00fcchen Showroom an.<\/p>\t\t\t\t\t\t\t\t<\/div>\n\t\t\t\t<\/div>\n\t\t\t\t\t<\/div>\n\t\t<\/div>\n\t\t\t\t\t<\/div>\n\t\t<\/section>\n\t\t\t\t<section class=\"elementor-section elementor-top-section elementor-element elementor-element-04fa1e7 elementor-section-boxed elementor-section-height-default elementor-section-height-default\" data-id=\"04fa1e7\" data-element_type=\"section\">\n\t\t\t\t\t\t<div class=\"elementor-container elementor-column-gap-default\">\n\t\t\t\t\t<div class=\"elementor-column elementor-col-100 elementor-top-column elementor-element elementor-element-bf487bf\" data-id=\"bf487bf\" data-element_type=\"column\">\n\t\t\t<div class=\"elementor-widget-wrap elementor-element-populated\">\n\t\t\t\t\t\t<div class=\"elementor-element elementor-element-148061a animated-slow elementor-invisible elementor-widget elementor-widget-kitchor-image-masonry\" data-id=\"148061a\" data-element_type=\"widget\" data-settings=\"{&quot;_animation&quot;:&quot;opal-move-down&quot;}\" data-widget_type=\"kitchor-image-masonry.default\">\n\t\t\t\t<div class=\"elementor-widget-container\">\n\t\t\t\t\t        <div class=\"image-grid-wrapper\">\n            <div class=\"grid-wrapper\">\n                                    <div class=\"big\">\n                        <a data-elementor-open-lightbox=\"yes\" data-elementor-lightbox-slideshow=\"148061a\"                           href=\"https:\/\/dev.artkuechen.com\/wp-content\/uploads\/2023\/09\/20230719150730_IMG_4671.jpg\">\n                            <img decoding=\"async\" src=\"https:\/\/dev.artkuechen.com\/wp-content\/uploads\/2023\/09\/20230719150730_IMG_4671-768x512.jpg\">\n                        <\/a>\n                    <\/div>\n                                    <div class=\"\">\n                        <a data-elementor-open-lightbox=\"yes\" data-elementor-lightbox-slideshow=\"148061a\"                           href=\"https:\/\/dev.artkuechen.com\/wp-content\/uploads\/2023\/09\/20230719214932_IMG_4842.jpg\">\n                            <img decoding=\"async\" src=\"https:\/\/dev.artkuechen.com\/wp-content\/uploads\/2023\/09\/20230719214932_IMG_4842-768x512.jpg\">\n                        <\/a>\n                    <\/div>\n                                    <div class=\"tall\">\n                        <a data-elementor-open-lightbox=\"yes\" data-elementor-lightbox-slideshow=\"148061a\"                           href=\"https:\/\/dev.artkuechen.com\/wp-content\/uploads\/2023\/09\/20230719150219_IMG_4659.jpg\">\n                            <img decoding=\"async\" src=\"https:\/\/dev.artkuechen.com\/wp-content\/uploads\/2023\/09\/20230719150219_IMG_4659-768x1152.jpg\">\n                        <\/a>\n                    <\/div>\n                                    <div class=\"wide\">\n                        <a data-elementor-open-lightbox=\"yes\" data-elementor-lightbox-slideshow=\"148061a\"                           href=\"https:\/\/dev.artkuechen.com\/wp-content\/uploads\/2023\/09\/20230719212402_IMG_4799.jpg\">\n                            <img decoding=\"async\" src=\"https:\/\/dev.artkuechen.com\/wp-content\/uploads\/2023\/09\/20230719212402_IMG_4799-768x512.jpg\">\n                        <\/a>\n                    <\/div>\n                                    <div class=\"tall\">\n                        <a data-elementor-open-lightbox=\"yes\" data-elementor-lightbox-slideshow=\"148061a\"                           href=\"https:\/\/dev.artkuechen.com\/wp-content\/uploads\/2023\/09\/20230719150202_IMG_4657.jpg\">\n                            <img decoding=\"async\" src=\"https:\/\/dev.artkuechen.com\/wp-content\/uploads\/2023\/09\/20230719150202_IMG_4657-768x1152.jpg\">\n                        <\/a>\n                    <\/div>\n                                    <div class=\"big\">\n                        <a data-elementor-open-lightbox=\"yes\" data-elementor-lightbox-slideshow=\"148061a\"                           href=\"https:\/\/dev.artkuechen.com\/wp-content\/uploads\/2023\/09\/20230719214932_IMG_4842.jpg\">\n                            <img decoding=\"async\" src=\"https:\/\/dev.artkuechen.com\/wp-content\/uploads\/2023\/09\/20230719214932_IMG_4842-768x512.jpg\">\n                        <\/a>\n                    <\/div>\n                            <\/div>\n\n        <\/div>\n        \t\t\t\t<\/div>\n\t\t\t\t<\/div>\n\t\t\t\t\t<\/div>\n\t\t<\/div>\n\t\t\t\t\t<\/div>\n\t\t<\/section>\n\t\t\t\t<section class=\"elementor-section elementor-top-section elementor-element elementor-element-69246c6 elementor-section-boxed elementor-section-height-default elementor-section-height-default\" data-id=\"69246c6\" data-element_type=\"section\">\n\t\t\t\t\t\t<div class=\"elementor-container elementor-column-gap-default\">\n\t\t\t\t\t<div class=\"elementor-column elementor-col-50 elementor-top-column elementor-element elementor-element-3674e30\" data-id=\"3674e30\" data-element_type=\"column\">\n\t\t\t<div class=\"elementor-widget-wrap elementor-element-populated\">\n\t\t\t\t\t\t<div class=\"elementor-element elementor-element-f75b209 elementor-widget elementor-widget-button\" data-id=\"f75b209\" data-element_type=\"widget\" data-widget_type=\"button.default\">\n\t\t\t\t<div class=\"elementor-widget-container\">\n\t\t\t\t\t\t\t\t\t<div class=\"elementor-button-wrapper\">\n\t\t\t\t\t<a class=\"elementor-button elementor-button-link elementor-size-sm\" href=\"https:\/\/dev.artkuechen.com\/index.php\/galerie-moderne-kuechen\/\">\n\t\t\t\t\t\t<span class=\"elementor-button-content-wrapper\">\n\t\t\t\t\t\t<span class=\"elementor-button-icon\">\n\t\t\t\t<i aria-hidden=\"true\" class=\"fas fa-angle-left\"><\/i>\t\t\t<\/span>\n\t\t\t\t\t\t\t\t\t<span class=\"elementor-button-text\">GALERIE: MODERNE K\u00dcCHEN<\/span>\n\t\t\t\t\t<\/span>\n\t\t\t\t\t<\/a>\n\t\t\t\t<\/div>\n\t\t\t\t\t\t\t\t<\/div>\n\t\t\t\t<\/div>\n\t\t\t\t\t<\/div>\n\t\t<\/div>\n\t\t\t\t<div class=\"elementor-column elementor-col-50 elementor-top-column elementor-element elementor-element-06ccb69\" data-id=\"06ccb69\" data-element_type=\"column\">\n\t\t\t<div class=\"elementor-widget-wrap elementor-element-populated\">\n\t\t\t\t\t\t<div class=\"elementor-element elementor-element-82e4077 elementor-align-right elementor-widget elementor-widget-button\" data-id=\"82e4077\" data-element_type=\"widget\" data-widget_type=\"button.default\">\n\t\t\t\t<div class=\"elementor-widget-container\">\n\t\t\t\t\t\t\t\t\t<div class=\"elementor-button-wrapper\">\n\t\t\t\t\t<a class=\"elementor-button elementor-button-link elementor-size-sm\" href=\"https:\/\/dev.artkuechen.com\/index.php\/grifflos-kuchen\/\">\n\t\t\t\t\t\t<span class=\"elementor-button-content-wrapper\">\n\t\t\t\t\t\t<span class=\"elementor-button-icon\">\n\t\t\t\t<i aria-hidden=\"true\" class=\"fas fa-angle-right\"><\/i>\t\t\t<\/span>\n\t\t\t\t\t\t\t\t\t<span class=\"elementor-button-text\">GALERIE: GRIFFLOSE K\u00dcCHEN<\/span>\n\t\t\t\t\t<\/span>\n\t\t\t\t\t<\/a>\n\t\t\t\t<\/div>\n\t\t\t\t\t\t\t\t<\/div>\n\t\t\t\t<\/div>\n\t\t\t\t\t<\/div>\n\t\t<\/div>\n\t\t\t\t\t<\/div>\n\t\t<\/section>\n\t\t\t\t<section class=\"elementor-section elementor-top-section elementor-element elementor-element-32f1422 elementor-section-boxed elementor-section-height-default elementor-section-height-default\" data-id=\"32f1422\" data-element_type=\"section\">\n\t\t\t\t\t\t<div class=\"elementor-container elementor-column-gap-default\">\n\t\t\t\t\t<div class=\"elementor-column elementor-col-100 elementor-top-column elementor-element elementor-element-260f527\" data-id=\"260f527\" data-element_type=\"column\">\n\t\t\t<div class=\"elementor-widget-wrap elementor-element-populated\">\n\t\t\t\t\t\t<div class=\"elementor-element elementor-element-983193a elementor-widget elementor-widget-spacer\" data-id=\"983193a\" data-element_type=\"widget\" data-widget_type=\"spacer.default\">\n\t\t\t\t<div class=\"elementor-widget-container\">\n\t\t\t\t\t\t\t<div class=\"elementor-spacer\">\n\t\t\t<div class=\"elementor-spacer-inner\"><\/div>\n\t\t<\/div>\n\t\t\t\t\t\t<\/div>\n\t\t\t\t<\/div>\n\t\t\t\t\t<\/div>\n\t\t<\/div>\n\t\t\t\t\t<\/div>\n\t\t<\/section>\n\t\t\t\t<\/div>\n\t\t","protected":false},"excerpt":{"rendered":"<p>Willkommen bei ArtK\u00fcchen! Schauen Sie sich unsere Galerie mit Landhausk\u00fcchen in unserem ArtK\u00fcchen Showroom an. GALERIE: MODERNE K\u00dcCHEN GALERIE: GRIFFLOSE K\u00dcCHEN<\/p>\n","protected":false},"author":1,"featured_media":0,"parent":0,"menu_order":0,"comment_status":"closed","ping_status":"closed","template":"","meta":{"inline_featured_image":false,"footnotes":""},"class_list":["post-16889","page","type-page","status-publish","hentry"],"aioseo_notices":[],"_links":{"self":[{"href":"https:\/\/dev.artkuechen.com\/index.php\/wp-json\/wp\/v2\/pages\/16889","targetHints":{"allow":["GET"]}}],"collection":[{"href":"https:\/\/dev.artkuechen.com\/index.php\/wp-json\/wp\/v2\/pages"}],"about":[{"href":"https:\/\/dev.artkuechen.com\/index.php\/wp-json\/wp\/v2\/types\/page"}],"author":[{"embeddable":true,"href":"https:\/\/dev.artkuechen.com\/index.php\/wp-json\/wp\/v2\/users\/1"}],"replies":[{"embeddable":true,"href":"https:\/\/dev.artkuechen.com\/index.php\/wp-json\/wp\/v2\/comments?post=16889"}],"version-history":[{"count":92,"href":"https:\/\/dev.artkuechen.com\/index.php\/wp-json\/wp\/v2\/pages\/16889\/revisions"}],"predecessor-version":[{"id":22078,"href":"https:\/\/dev.artkuechen.com\/index.php\/wp-json\/wp\/v2\/pages\/16889\/revisions\/22078"}],"wp:attachment":[{"href":"https:\/\/dev.artkuechen.com\/index.php\/wp-json\/wp\/v2\/media?parent=16889"}],"curies":[{"name":"wp","href":"https:\/\/api.w.org\/{rel}","templated":true}]}}