{"id":16749,"date":"2023-09-21T13:24:58","date_gmt":"2023-09-21T13:24:58","guid":{"rendered":"https:\/\/dev.artkuechen.com\/?page_id=16749"},"modified":"2024-11-13T17:05:35","modified_gmt":"2024-11-13T17:05:35","slug":"kuechenzeile","status":"publish","type":"page","link":"https:\/\/dev.artkuechen.com\/index.php\/kuechenzeile\/","title":{"rendered":"K\u00fcchenziele"},"content":{"rendered":"\t\t<div data-elementor-type=\"wp-page\" data-elementor-id=\"16749\" class=\"elementor elementor-16749\">\n\t\t\t\t\t\t<section class=\"elementor-section elementor-top-section elementor-element elementor-element-7435f95 elementor-section-boxed elementor-section-height-default elementor-section-height-default\" data-id=\"7435f95\" data-element_type=\"section\">\n\t\t\t\t\t\t<div class=\"elementor-container elementor-column-gap-default\">\n\t\t\t\t\t<div class=\"elementor-column elementor-col-100 elementor-top-column elementor-element elementor-element-eb19b34\" data-id=\"eb19b34\" data-element_type=\"column\">\n\t\t\t<div class=\"elementor-widget-wrap elementor-element-populated\">\n\t\t\t\t\t\t<div class=\"elementor-element elementor-element-94f7ec2 elementor-icon-left elementor-widget elementor-widget-kitchor-heading\" data-id=\"94f7ec2\" data-element_type=\"widget\" data-widget_type=\"kitchor-heading.default\">\n\t\t\t\t<div class=\"elementor-widget-container\">\n\t\t\t\t\t<h4 class=\"elementor-heading-title elementor-size-default\"><span>K\u00dcCHENZEILE<\/span><\/h4>\t\t\t\t<\/div>\n\t\t\t\t<\/div>\n\t\t\t\t\t<\/div>\n\t\t<\/div>\n\t\t\t\t\t<\/div>\n\t\t<\/section>\n\t\t\t\t<section class=\"elementor-section elementor-top-section elementor-element elementor-element-e573421 elementor-section-boxed elementor-section-height-default elementor-section-height-default\" data-id=\"e573421\" data-element_type=\"section\">\n\t\t\t\t\t\t<div class=\"elementor-container elementor-column-gap-default\">\n\t\t\t\t\t<div class=\"elementor-column elementor-col-100 elementor-top-column elementor-element elementor-element-8823eb8\" data-id=\"8823eb8\" data-element_type=\"column\">\n\t\t\t<div class=\"elementor-widget-wrap elementor-element-populated\">\n\t\t\t\t\t\t<div class=\"elementor-element elementor-element-7c5d583 elementor-widget elementor-widget-text-editor\" data-id=\"7c5d583\" data-element_type=\"widget\" data-widget_type=\"text-editor.default\">\n\t\t\t\t<div class=\"elementor-widget-container\">\n\t\t\t\t\t\t\t\t\t<p>In unserem Sortiment bieten wir Ihnen eine Vielzahl von hochwertigen K\u00fcchenzeilen, die Ihren Bed\u00fcrfnissen und Ihrem Stil entsprechen. Eine K\u00fcchenzeile ist eine praktische L\u00f6sung f\u00fcr kleinere R\u00e4ume oder Apartments, da sie alle wichtigen Elemente einer K\u00fcche auf engstem Raum vereint. Unsere K\u00fcchenzeilen bei\u00a0\u00a0Art<span style=\"color: var( --e-global-color-text ); font-family: var(--e-global-typography-text-font-family); font-size: var(--e-global-typography-text-size); font-style: var(--e-global-typography-text-font-style); font-weight: var(--e-global-typography-text-font-weight); letter-spacing: var(--e-global-typography-text-letter-spacing); text-transform: var(--e-global-typography-text-text-transform);\">K\u00fcchen\u00a0<\/span><span style=\"color: var( --e-global-color-text ); font-family: var(--e-global-typography-text-font-family); font-size: var(--e-global-typography-text-size); font-style: var(--e-global-typography-text-font-style); font-weight: var(--e-global-typography-text-font-weight); letter-spacing: var(--e-global-typography-text-letter-spacing); text-transform: var(--e-global-typography-text-text-transform);\">zeichnen sich durch ihr modernes und ansprechendes Design aus.<\/span><\/p>\t\t\t\t\t\t\t\t<\/div>\n\t\t\t\t<\/div>\n\t\t\t\t\t<\/div>\n\t\t<\/div>\n\t\t\t\t\t<\/div>\n\t\t<\/section>\n\t\t\t\t<section class=\"elementor-section elementor-top-section elementor-element elementor-element-afecfaf elementor-section-boxed elementor-section-height-default elementor-section-height-default\" data-id=\"afecfaf\" data-element_type=\"section\">\n\t\t\t\t\t\t<div class=\"elementor-container elementor-column-gap-default\">\n\t\t\t\t\t<div class=\"elementor-column elementor-col-100 elementor-top-column elementor-element elementor-element-c997db1\" data-id=\"c997db1\" data-element_type=\"column\">\n\t\t\t<div class=\"elementor-widget-wrap elementor-element-populated\">\n\t\t\t\t\t\t<div class=\"elementor-element elementor-element-877af51 elementor-widget elementor-widget-kitchor-image-masonry\" data-id=\"877af51\" data-element_type=\"widget\" data-widget_type=\"kitchor-image-masonry.default\">\n\t\t\t\t<div class=\"elementor-widget-container\">\n\t\t\t\t\t        <div class=\"image-grid-wrapper\">\n            <div class=\"grid-wrapper\">\n                                    <div class=\"\">\n                        <a data-elementor-open-lightbox=\"yes\" data-elementor-lightbox-slideshow=\"877af51\"                           href=\"https:\/\/dev.artkuechen.com\/wp-content\/uploads\/2023\/09\/19-1.png\">\n                            <img decoding=\"async\" src=\"https:\/\/dev.artkuechen.com\/wp-content\/uploads\/2023\/09\/19-1-1024x763.png\">\n                        <\/a>\n                    <\/div>\n                                    <div class=\"\">\n                        <a data-elementor-open-lightbox=\"yes\" data-elementor-lightbox-slideshow=\"877af51\"                           href=\"https:\/\/dev.artkuechen.com\/wp-content\/uploads\/2023\/09\/35.png\">\n                            <img decoding=\"async\" src=\"https:\/\/dev.artkuechen.com\/wp-content\/uploads\/2023\/09\/35-1024x765.png\">\n                        <\/a>\n                    <\/div>\n                                    <div class=\"\">\n                        <a data-elementor-open-lightbox=\"yes\" data-elementor-lightbox-slideshow=\"877af51\"                           href=\"https:\/\/dev.artkuechen.com\/wp-content\/uploads\/2023\/09\/34.png\">\n                            <img decoding=\"async\" src=\"https:\/\/dev.artkuechen.com\/wp-content\/uploads\/2023\/09\/34-1024x765.png\">\n                        <\/a>\n                    <\/div>\n                                    <div class=\"big\">\n                        <a data-elementor-open-lightbox=\"yes\" data-elementor-lightbox-slideshow=\"877af51\"                           href=\"https:\/\/dev.artkuechen.com\/wp-content\/uploads\/2023\/09\/49.png\">\n                            <img decoding=\"async\" src=\"https:\/\/dev.artkuechen.com\/wp-content\/uploads\/2023\/09\/49-1024x719.png\">\n                        <\/a>\n                    <\/div>\n                                    <div class=\"\">\n                        <a data-elementor-open-lightbox=\"yes\" data-elementor-lightbox-slideshow=\"877af51\"                           href=\"https:\/\/dev.artkuechen.com\/wp-content\/uploads\/2023\/09\/15.png\">\n                            <img decoding=\"async\" src=\"https:\/\/dev.artkuechen.com\/wp-content\/uploads\/2023\/09\/15-1024x768.png\">\n                        <\/a>\n                    <\/div>\n                                    <div class=\"\">\n                        <a data-elementor-open-lightbox=\"yes\" data-elementor-lightbox-slideshow=\"877af51\"                           href=\"https:\/\/dev.artkuechen.com\/wp-content\/uploads\/2023\/09\/12-2.png\">\n                            <img decoding=\"async\" src=\"https:\/\/dev.artkuechen.com\/wp-content\/uploads\/2023\/09\/12-2.png\">\n                        <\/a>\n                    <\/div>\n                            <\/div>\n\n        <\/div>\n        \t\t\t\t<\/div>\n\t\t\t\t<\/div>\n\t\t\t\t\t<\/div>\n\t\t<\/div>\n\t\t\t\t\t<\/div>\n\t\t<\/section>\n\t\t\t\t<section class=\"elementor-section elementor-top-section elementor-element elementor-element-deda54f elementor-section-boxed elementor-section-height-default elementor-section-height-default\" data-id=\"deda54f\" data-element_type=\"section\">\n\t\t\t\t\t\t<div class=\"elementor-container elementor-column-gap-default\">\n\t\t\t\t\t<div class=\"elementor-column elementor-col-50 elementor-top-column elementor-element elementor-element-4ee6f9d\" data-id=\"4ee6f9d\" data-element_type=\"column\">\n\t\t\t<div class=\"elementor-widget-wrap elementor-element-populated\">\n\t\t\t\t\t\t<div class=\"elementor-element elementor-element-1c7aab8 elementor-widget elementor-widget-button\" data-id=\"1c7aab8\" data-element_type=\"widget\" data-widget_type=\"button.default\">\n\t\t\t\t<div class=\"elementor-widget-container\">\n\t\t\t\t\t\t\t\t\t<div class=\"elementor-button-wrapper\">\n\t\t\t\t\t<a class=\"elementor-button elementor-button-link elementor-size-sm\" href=\"https:\/\/dev.artkuechen.com\/index.php\/kuchen-mit-kochinsel\/\">\n\t\t\t\t\t\t<span class=\"elementor-button-content-wrapper\">\n\t\t\t\t\t\t<span class=\"elementor-button-icon\">\n\t\t\t\t<i aria-hidden=\"true\" class=\"fas fa-angle-left\"><\/i>\t\t\t<\/span>\n\t\t\t\t\t\t\t\t\t<span class=\"elementor-button-text\">K\u00dcCHEN MIT KOCHINSEL<\/span>\n\t\t\t\t\t<\/span>\n\t\t\t\t\t<\/a>\n\t\t\t\t<\/div>\n\t\t\t\t\t\t\t\t<\/div>\n\t\t\t\t<\/div>\n\t\t\t\t\t<\/div>\n\t\t<\/div>\n\t\t\t\t<div class=\"elementor-column elementor-col-50 elementor-top-column elementor-element elementor-element-6ad0f07\" data-id=\"6ad0f07\" data-element_type=\"column\">\n\t\t\t<div class=\"elementor-widget-wrap elementor-element-populated\">\n\t\t\t\t\t\t<div class=\"elementor-element elementor-element-b33ed6e elementor-align-right elementor-widget elementor-widget-button\" data-id=\"b33ed6e\" data-element_type=\"widget\" data-widget_type=\"button.default\">\n\t\t\t\t<div class=\"elementor-widget-container\">\n\t\t\t\t\t\t\t\t\t<div class=\"elementor-button-wrapper\">\n\t\t\t\t\t<a class=\"elementor-button elementor-button-link elementor-size-sm\" href=\"https:\/\/dev.artkuechen.com\/index.php\/l-kuchen\/\">\n\t\t\t\t\t\t<span class=\"elementor-button-content-wrapper\">\n\t\t\t\t\t\t<span class=\"elementor-button-icon\">\n\t\t\t\t<i aria-hidden=\"true\" class=\"fas fa-angle-right\"><\/i>\t\t\t<\/span>\n\t\t\t\t\t\t\t\t\t<span class=\"elementor-button-text\">L-K\u00dcCHEN<\/span>\n\t\t\t\t\t<\/span>\n\t\t\t\t\t<\/a>\n\t\t\t\t<\/div>\n\t\t\t\t\t\t\t\t<\/div>\n\t\t\t\t<\/div>\n\t\t\t\t\t<\/div>\n\t\t<\/div>\n\t\t\t\t\t<\/div>\n\t\t<\/section>\n\t\t\t\t<section class=\"elementor-section elementor-top-section elementor-element elementor-element-b45c1d5 elementor-section-boxed elementor-section-height-default elementor-section-height-default\" data-id=\"b45c1d5\" data-element_type=\"section\">\n\t\t\t\t\t\t<div class=\"elementor-container elementor-column-gap-default\">\n\t\t\t\t\t<div class=\"elementor-column elementor-col-100 elementor-top-column elementor-element elementor-element-ea3f975\" data-id=\"ea3f975\" data-element_type=\"column\">\n\t\t\t<div class=\"elementor-widget-wrap elementor-element-populated\">\n\t\t\t\t\t\t<div class=\"elementor-element elementor-element-eabdb25 elementor-widget elementor-widget-spacer\" data-id=\"eabdb25\" data-element_type=\"widget\" data-widget_type=\"spacer.default\">\n\t\t\t\t<div class=\"elementor-widget-container\">\n\t\t\t\t\t\t\t<div class=\"elementor-spacer\">\n\t\t\t<div class=\"elementor-spacer-inner\"><\/div>\n\t\t<\/div>\n\t\t\t\t\t\t<\/div>\n\t\t\t\t<\/div>\n\t\t\t\t\t<\/div>\n\t\t<\/div>\n\t\t\t\t\t<\/div>\n\t\t<\/section>\n\t\t\t\t<\/div>\n\t\t","protected":false},"excerpt":{"rendered":"<p>K\u00dcCHENZEILE In unserem Sortiment bieten wir Ihnen eine Vielzahl von hochwertigen K\u00fcchenzeilen, die Ihren Bed\u00fcrfnissen und Ihrem Stil entsprechen. Eine K\u00fcchenzeile ist eine praktische L\u00f6sung f\u00fcr kleinere R\u00e4ume oder Apartments, da sie alle wichtigen Elemente einer K\u00fcche auf engstem Raum vereint. Unsere K\u00fcchenzeilen bei\u00a0\u00a0ArtK\u00fcchen\u00a0zeichnen sich durch ihr modernes und ansprechendes Design aus. K\u00dcCHEN MIT KOCHINSEL [&hellip;]<\/p>\n","protected":false},"author":1,"featured_media":0,"parent":0,"menu_order":0,"comment_status":"closed","ping_status":"closed","template":"","meta":{"inline_featured_image":false,"footnotes":""},"class_list":["post-16749","page","type-page","status-publish","hentry"],"aioseo_notices":[],"_links":{"self":[{"href":"https:\/\/dev.artkuechen.com\/index.php\/wp-json\/wp\/v2\/pages\/16749","targetHints":{"allow":["GET"]}}],"collection":[{"href":"https:\/\/dev.artkuechen.com\/index.php\/wp-json\/wp\/v2\/pages"}],"about":[{"href":"https:\/\/dev.artkuechen.com\/index.php\/wp-json\/wp\/v2\/types\/page"}],"author":[{"embeddable":true,"href":"https:\/\/dev.artkuechen.com\/index.php\/wp-json\/wp\/v2\/users\/1"}],"replies":[{"embeddable":true,"href":"https:\/\/dev.artkuechen.com\/index.php\/wp-json\/wp\/v2\/comments?post=16749"}],"version-history":[{"count":111,"href":"https:\/\/dev.artkuechen.com\/index.php\/wp-json\/wp\/v2\/pages\/16749\/revisions"}],"predecessor-version":[{"id":22094,"href":"https:\/\/dev.artkuechen.com\/index.php\/wp-json\/wp\/v2\/pages\/16749\/revisions\/22094"}],"wp:attachment":[{"href":"https:\/\/dev.artkuechen.com\/index.php\/wp-json\/wp\/v2\/media?parent=16749"}],"curies":[{"name":"wp","href":"https:\/\/api.w.org\/{rel}","templated":true}]}}